{"id":899,"date":"2026-03-17T14:44:08","date_gmt":"2026-03-17T12:44:08","guid":{"rendered":"https:\/\/nordicaitools.com\/om\/"},"modified":"2026-05-05T15:32:14","modified_gmt":"2026-05-05T12:32:14","slug":"om","status":"publish","type":"page","link":"https:\/\/nordicaitools.com\/sv\/om\/","title":{"rendered":"Om"},"content":{"rendered":"\n<div class=\"wp-block-uagb-container uagb-block-65a8e191 alignfull uagb-is-root-container\"><div class=\"uagb-container-inner-blocks-wrap\">\n<div class=\"wp-block-uagb-info-box uagb-block-e42f1764 uagb-infobox__content-wrap  uagb-infobox-icon-above-title uagb-infobox-image-valign-top\"><div class=\"uagb-ifb-content\"><div class=\"uagb-ifb-title-wrap\"><h1 class=\"uagb-ifb-title-prefix\">St\u00e4rka nordiska f\u00f6retag med AI-insikter<\/h1><p class=\"uagb-ifb-title\">Uppt\u00e4ck resan f\u00f6r Nordic AI Tools. Hj\u00e4lper lokala f\u00f6retag att v\u00e4lja r\u00e4tt AI-verktyg f\u00f6r sina behov.<\/p><\/div><\/div><\/div>\n<\/div><\/div>\n\n<div class=\"wp-block-uagb-container uagb-block-1f113e62 alignfull uagb-is-root-container\"><div class=\"uagb-container-inner-blocks-wrap\">\n<div class=\"wp-block-uagb-container uagb-block-c7fbc965\">\n<div class=\"wp-block-uagb-image alignleft uagb-block-a91340b0 wp-block-uagb-image--layout-default wp-block-uagb-image--effect-static wp-block-uagb-image--align-left\"><figure class=\"wp-block-uagb-image__figure\"><img decoding=\"async\" srcset=\"https:\/\/nordicaitools.com\/wp-content\/uploads\/2026\/03\/finnish-lake-district-aerial-03.webp ,https:\/\/nordicaitools.com\/wp-content\/uploads\/2026\/03\/finnish-lake-district-aerial-03.webp 780w, https:\/\/nordicaitools.com\/wp-content\/uploads\/2026\/03\/finnish-lake-district-aerial-03.webp 360w\" sizes=\"auto, (max-width: 480px) 150px\" src=\"https:\/\/nordicaitools.com\/wp-content\/uploads\/2026\/03\/finnish-lake-district-aerial-03.webp\" alt=\"\" class=\"uag-image-13\" width=\"360\" height=\"450\" title=\"\" loading=\"lazy\" role=\"img\"><\/figure><\/div>\n<\/div>\n\n\n\n<div class=\"wp-block-uagb-container uagb-block-7efbd0d8\">\n<div class=\"wp-block-uagb-info-box uagb-block-1da524b8 uagb-infobox__content-wrap  uagb-infobox-icon-above-title uagb-infobox-image-valign-top\"><div class=\"uagb-ifb-content\"><div class=\"uagb-ifb-title-wrap\"><h2 class=\"uagb-ifb-title\">Nordic AI Tools \u00e4r en oberoende granskningssajt som t\u00e4cker AI-verktyg f\u00f6r anv\u00e4ndare i Finland, Sverige, Norge, Danmark och Island.<\/h2><\/div><p class=\"uagb-ifb-desc\">Jag heter Marko och \u00e4r baserad i Finland. Jag byggde den h\u00e4r webbplatsen eftersom nordiska anv\u00e4ndare har specifika behov som globala granskningssajter ignorerar. Fungerar verktyget p\u00e5 finska? Finns det svenskt spr\u00e5kst\u00f6d? S\u00e4tts priset i EUR eller i lokala valutor? Lagras uppgifterna inom EU? Det h\u00e4r \u00e4r grundl\u00e4ggande fr\u00e5gor som ingen engelskspr\u00e5kig recensionssida besvarar.<\/p><\/div><\/div>\n\n\n\n<div class=\"wp-block-uagb-advanced-heading uagb-block-8d4b7a60 uag-hide-tab uag-hide-mob\"><p class=\"uagb-desc-text\">Varje recension skrivs f\u00f6rst p\u00e5 engelska och lokaliseras sedan till nordiska spr\u00e5k av modersm\u00e5lstalare som l\u00e4gger till lokala sammanhang &#8211; prisf\u00f6rv\u00e4ntningar, lokala alternativ och marknadsspecifika insikter som bara n\u00e5gon fr\u00e5n det aktuella landet k\u00e4nner till.<\/p><\/div>\n\n\n\n<div class=\"wp-block-uagb-advanced-heading uagb-block-86594438 uag-hide-tab uag-hide-mob\"><p class=\"uagb-desc-text\">Denna webbplats \u00e4r en del av Avoin Maailma OY, ett finskt f\u00f6retag. Vi f\u00e5r int\u00e4kter genom affiliate-l\u00e4nkar. Detta p\u00e5verkar aldrig v\u00e5ra rekommendationer &#8211; om ett verktyg \u00e4r det b\u00e4sta alternativet men inte har n\u00e5got affiliateprogram rekommenderar vi det fortfarande.<\/p><\/div>\n\n\n\n<p><strong>Hur jag granskar verktyg<\/strong><\/p>\n\n\n\n<ul class=\"wp-block-list\">\n<li>Praktiska tester med verkligt arbete, inte ytliga \u00f6versikter<\/li>\n\n\n\n<li>Kontroll av EU-efterlevnad f\u00f6r varje verktyg som granskas<\/li>\n\n\n\n<li>Testning av lokala spr\u00e5k av modersm\u00e5lstalare<\/li>\n\n\n\n<li>\u00c4rliga \u00e5sikter &#8211; om ett verktyg inte \u00e4r tillr\u00e4ckligt bra kommer det inte med p\u00e5 webbplatsen<\/li>\n<\/ul>\n\n\n\n<p><\/p>\n<\/div>\n<\/div><\/div>\n","protected":false},"excerpt":{"rendered":"<p>Varje recension skrivs f\u00f6rst p\u00e5 engelska och lokaliseras sedan till nordiska spr\u00e5k av modersm\u00e5lstalare som l\u00e4gger till lokala sammanhang &#8211; prisf\u00f6rv\u00e4ntningar, lokala alternativ och marknadsspecifika insikter som bara n\u00e5gon fr\u00e5n det aktuella landet k\u00e4nner till. Denna webbplats \u00e4r en del av Avoin Maailma OY, ett finskt f\u00f6retag. Vi f\u00e5r int\u00e4kter genom affiliate-l\u00e4nkar. Detta p\u00e5verkar aldrig [&hellip;]<\/p>\n","protected":false},"author":1,"featured_media":0,"parent":0,"menu_order":0,"comment_status":"closed","ping_status":"closed","template":"","meta":{"_uag_custom_page_level_css":"","site-sidebar-layout":"no-sidebar","site-content-layout":"","ast-site-content-layout":"normal-width-container","site-content-style":"default","site-sidebar-style":"default","ast-global-header-display":"","ast-banner-title-visibility":"","ast-main-header-display":"","ast-hfb-above-header-display":"","ast-hfb-below-header-display":"","ast-hfb-mobile-header-display":"","site-post-title":"disabled","ast-breadcrumbs-content":"","ast-featured-img":"","footer-sml-layout":"","ast-disable-related-posts":"","theme-transparent-header-meta":"enabled","adv-header-id-meta":"","stick-header-meta":"","header-above-stick-meta":"","header-main-stick-meta":"","header-below-stick-meta":"","astra-migrate-meta-layouts":"default","ast-page-background-enabled":"default","ast-page-background-meta":{"desktop":{"background-color":"var(--ast-global-color-4)","background-image":"","background-repeat":"repeat","background-position":"center center","background-size":"auto","background-attachment":"scroll","background-type":"","background-media":"","overlay-type":"","overlay-color":"","overlay-opacity":"","overlay-gradient":""},"tablet":{"background-color":"","background-image":"","background-repeat":"repeat","background-position":"center center","background-size":"auto","background-attachment":"scroll","background-type":"","background-media":"","overlay-type":"","overlay-color":"","overlay-opacity":"","overlay-gradient":""},"mobile":{"background-color":"","background-image":"","background-repeat":"repeat","background-position":"center center","background-size":"auto","background-attachment":"scroll","background-type":"","background-media":"","overlay-type":"","overlay-color":"","overlay-opacity":"","overlay-gradient":""}},"ast-content-background-meta":{"desktop":{"background-color":"var(--ast-global-color-5)","background-image":"","background-repeat":"repeat","background-position":"center center","background-size":"auto","background-attachment":"scroll","background-type":"","background-media":"","overlay-type":"","overlay-color":"","overlay-opacity":"","overlay-gradient":""},"tablet":{"background-color":"var(--ast-global-color-5)","background-image":"","background-repeat":"repeat","background-position":"center center","background-size":"auto","background-attachment":"scroll","background-type":"","background-media":"","overlay-type":"","overlay-color":"","overlay-opacity":"","overlay-gradient":""},"mobile":{"background-color":"var(--ast-global-color-5)","background-image":"","background-repeat":"repeat","background-position":"center center","background-size":"auto","background-attachment":"scroll","background-type":"","background-media":"","overlay-type":"","overlay-color":"","overlay-opacity":"","overlay-gradient":""}},"footnotes":""},"class_list":["post-899","page","type-page","status-publish","hentry"],"uagb_featured_image_src":{"full":false,"thumbnail":false,"medium":false,"medium_large":false,"large":false,"1536x1536":false,"2048x2048":false},"uagb_author_info":{"display_name":"NordicAITools Team","author_link":"https:\/\/nordicaitools.com\/sv\/author\/nordik881\/"},"uagb_comment_info":0,"uagb_excerpt":"Varje recension skrivs f\u00f6rst p\u00e5 engelska och lokaliseras sedan till nordiska spr\u00e5k av modersm\u00e5lstalare som l\u00e4gger till lokala sammanhang &#8211; prisf\u00f6rv\u00e4ntningar, lokala alternativ och marknadsspecifika insikter som bara n\u00e5gon fr\u00e5n det aktuella landet k\u00e4nner till. Denna webbplats \u00e4r en del av Avoin Maailma OY, ett finskt f\u00f6retag. Vi f\u00e5r int\u00e4kter genom affiliate-l\u00e4nkar. Detta p\u00e5verkar aldrig&hellip;","_links":{"self":[{"href":"https:\/\/nordicaitools.com\/sv\/wp-json\/wp\/v2\/pages\/899","targetHints":{"allow":["GET"]}}],"collection":[{"href":"https:\/\/nordicaitools.com\/sv\/wp-json\/wp\/v2\/pages"}],"about":[{"href":"https:\/\/nordicaitools.com\/sv\/wp-json\/wp\/v2\/types\/page"}],"author":[{"embeddable":true,"href":"https:\/\/nordicaitools.com\/sv\/wp-json\/wp\/v2\/users\/1"}],"replies":[{"embeddable":true,"href":"https:\/\/nordicaitools.com\/sv\/wp-json\/wp\/v2\/comments?post=899"}],"version-history":[{"count":6,"href":"https:\/\/nordicaitools.com\/sv\/wp-json\/wp\/v2\/pages\/899\/revisions"}],"predecessor-version":[{"id":923,"href":"https:\/\/nordicaitools.com\/sv\/wp-json\/wp\/v2\/pages\/899\/revisions\/923"}],"wp:attachment":[{"href":"https:\/\/nordicaitools.com\/sv\/wp-json\/wp\/v2\/media?parent=899"}],"curies":[{"name":"wp","href":"https:\/\/api.w.org\/{rel}","templated":true}]}}