{"id":856,"date":"2026-04-01T23:16:52","date_gmt":"2026-04-01T20:16:52","guid":{"rendered":"https:\/\/nordicaitools.com\/information-om-dotterbolag\/"},"modified":"2026-05-05T15:31:59","modified_gmt":"2026-05-05T12:31:59","slug":"information-om-dotterbolag","status":"publish","type":"page","link":"https:\/\/nordicaitools.com\/sv\/information-om-dotterbolag\/","title":{"rendered":"Information om dotterbolag"},"content":{"rendered":"\n<p>NordicAITools st\u00f6ds av l\u00e4sare.<\/p>\n\n<p>Vissa l\u00e4nkar p\u00e5 den h\u00e4r webbplatsen \u00e4r affiliatel\u00e4nkar. Om du klickar dig vidare och g\u00f6r ett k\u00f6p kan vi f\u00e5 en provision utan n\u00e5gon extra kostnad f\u00f6r dig. <\/p>\n\n<p>Vi rekommenderar endast verktyg som vi verkligen har testat och tror \u00e4r anv\u00e4ndbara f\u00f6r nordiska anv\u00e4ndare. V\u00e5ra recensioner omfattar st\u00f6d f\u00f6r lokala spr\u00e5k, priss\u00e4ttning i euro, efterlevnad av EU-dataskydd och praktisk anv\u00e4ndbarhet f\u00f6r finska, svenska, norska, danska och isl\u00e4ndska anv\u00e4ndare. <\/p>\n\n<p>Affiliate-relationer p\u00e5verkar aldrig v\u00e5ra recensioner eller rekommendationer.<\/p>\n\n<p>F\u00f6r fr\u00e5gor kontakta: nordicaitools@proton.me<\/p>\n","protected":false},"excerpt":{"rendered":"<p>NordicAITools st\u00f6ds av l\u00e4sare. Vissa l\u00e4nkar p\u00e5 den h\u00e4r webbplatsen \u00e4r affiliatel\u00e4nkar. Om du klickar dig vidare och g\u00f6r ett k\u00f6p kan vi f\u00e5 en provision utan n\u00e5gon extra kostnad f\u00f6r dig. Vi rekommenderar endast verktyg som vi verkligen har testat och tror \u00e4r anv\u00e4ndbara f\u00f6r nordiska anv\u00e4ndare. V\u00e5ra recensioner omfattar st\u00f6d f\u00f6r lokala spr\u00e5k, [&hellip;]<\/p>\n","protected":false},"author":1,"featured_media":0,"parent":0,"menu_order":0,"comment_status":"closed","ping_status":"closed","template":"","meta":{"_uag_custom_page_level_css":"","site-sidebar-layout":"default","site-content-layout":"","ast-site-content-layout":"default","site-content-style":"default","site-sidebar-style":"default","ast-global-header-display":"","ast-banner-title-visibility":"","ast-main-header-display":"","ast-hfb-above-header-display":"","ast-hfb-below-header-display":"","ast-hfb-mobile-header-display":"","site-post-title":"","ast-breadcrumbs-content":"","ast-featured-img":"","footer-sml-layout":"","ast-disable-related-posts":"","theme-transparent-header-meta":"","adv-header-id-meta":"","stick-header-meta":"","header-above-stick-meta":"","header-main-stick-meta":"","header-below-stick-meta":"","astra-migrate-meta-layouts":"default","ast-page-background-enabled":"default","ast-page-background-meta":{"desktop":{"background-color":"var(--ast-global-color-4)","background-image":"","background-repeat":"repeat","background-position":"center center","background-size":"auto","background-attachment":"scroll","background-type":"","background-media":"","overlay-type":"","overlay-color":"","overlay-opacity":"","overlay-gradient":""},"tablet":{"background-color":"","background-image":"","background-repeat":"repeat","background-position":"center center","background-size":"auto","background-attachment":"scroll","background-type":"","background-media":"","overlay-type":"","overlay-color":"","overlay-opacity":"","overlay-gradient":""},"mobile":{"background-color":"","background-image":"","background-repeat":"repeat","background-position":"center center","background-size":"auto","background-attachment":"scroll","background-type":"","background-media":"","overlay-type":"","overlay-color":"","overlay-opacity":"","overlay-gradient":""}},"ast-content-background-meta":{"desktop":{"background-color":"var(--ast-global-color-5)","background-image":"","background-repeat":"repeat","background-position":"center center","background-size":"auto","background-attachment":"scroll","background-type":"","background-media":"","overlay-type":"","overlay-color":"","overlay-opacity":"","overlay-gradient":""},"tablet":{"background-color":"var(--ast-global-color-5)","background-image":"","background-repeat":"repeat","background-position":"center center","background-size":"auto","background-attachment":"scroll","background-type":"","background-media":"","overlay-type":"","overlay-color":"","overlay-opacity":"","overlay-gradient":""},"mobile":{"background-color":"var(--ast-global-color-5)","background-image":"","background-repeat":"repeat","background-position":"center center","background-size":"auto","background-attachment":"scroll","background-type":"","background-media":"","overlay-type":"","overlay-color":"","overlay-opacity":"","overlay-gradient":""}},"footnotes":""},"class_list":["post-856","page","type-page","status-publish","hentry"],"uagb_featured_image_src":{"full":false,"thumbnail":false,"medium":false,"medium_large":false,"large":false,"1536x1536":false,"2048x2048":false},"uagb_author_info":{"display_name":"NordicAITools Team","author_link":"https:\/\/nordicaitools.com\/sv\/author\/nordik881\/"},"uagb_comment_info":0,"uagb_excerpt":"NordicAITools st\u00f6ds av l\u00e4sare. Vissa l\u00e4nkar p\u00e5 den h\u00e4r webbplatsen \u00e4r affiliatel\u00e4nkar. Om du klickar dig vidare och g\u00f6r ett k\u00f6p kan vi f\u00e5 en provision utan n\u00e5gon extra kostnad f\u00f6r dig. Vi rekommenderar endast verktyg som vi verkligen har testat och tror \u00e4r anv\u00e4ndbara f\u00f6r nordiska anv\u00e4ndare. V\u00e5ra recensioner omfattar st\u00f6d f\u00f6r lokala spr\u00e5k,&hellip;","_links":{"self":[{"href":"https:\/\/nordicaitools.com\/sv\/wp-json\/wp\/v2\/pages\/856","targetHints":{"allow":["GET"]}}],"collection":[{"href":"https:\/\/nordicaitools.com\/sv\/wp-json\/wp\/v2\/pages"}],"about":[{"href":"https:\/\/nordicaitools.com\/sv\/wp-json\/wp\/v2\/types\/page"}],"author":[{"embeddable":true,"href":"https:\/\/nordicaitools.com\/sv\/wp-json\/wp\/v2\/users\/1"}],"replies":[{"embeddable":true,"href":"https:\/\/nordicaitools.com\/sv\/wp-json\/wp\/v2\/comments?post=856"}],"version-history":[{"count":2,"href":"https:\/\/nordicaitools.com\/sv\/wp-json\/wp\/v2\/pages\/856\/revisions"}],"predecessor-version":[{"id":860,"href":"https:\/\/nordicaitools.com\/sv\/wp-json\/wp\/v2\/pages\/856\/revisions\/860"}],"wp:attachment":[{"href":"https:\/\/nordicaitools.com\/sv\/wp-json\/wp\/v2\/media?parent=856"}],"curies":[{"name":"wp","href":"https:\/\/api.w.org\/{rel}","templated":true}]}}