{"id":914,"date":"2026-03-17T14:44:08","date_gmt":"2026-03-17T12:44:08","guid":{"rendered":"https:\/\/nordicaitools.com\/om\/"},"modified":"2026-05-05T15:32:13","modified_gmt":"2026-05-05T12:32:13","slug":"om","status":"publish","type":"page","link":"https:\/\/nordicaitools.com\/no\/om\/","title":{"rendered":"Om"},"content":{"rendered":"\n<div class=\"wp-block-uagb-container uagb-block-65a8e191 alignfull uagb-is-root-container\"><div class=\"uagb-container-inner-blocks-wrap\">\n<div class=\"wp-block-uagb-info-box uagb-block-e42f1764 uagb-infobox__content-wrap  uagb-infobox-icon-above-title uagb-infobox-image-valign-top\"><div class=\"uagb-ifb-content\"><div class=\"uagb-ifb-title-wrap\"><h1 class=\"uagb-ifb-title-prefix\">AI-innsikt gir nordiske virksomheter mer makt<\/h1><p class=\"uagb-ifb-title\">Oppdag reisen til Nordic AI Tools. Vi hjelper lokale bedrifter med \u00e5 velge de riktige AI-verkt\u00f8yene for deres behov.<\/p><\/div><\/div><\/div>\n<\/div><\/div>\n\n<div class=\"wp-block-uagb-container uagb-block-1f113e62 alignfull uagb-is-root-container\"><div class=\"uagb-container-inner-blocks-wrap\">\n<div class=\"wp-block-uagb-container uagb-block-c7fbc965\">\n<div class=\"wp-block-uagb-image alignleft uagb-block-a91340b0 wp-block-uagb-image--layout-default wp-block-uagb-image--effect-static wp-block-uagb-image--align-left\"><figure class=\"wp-block-uagb-image__figure\"><img decoding=\"async\" srcset=\"https:\/\/nordicaitools.com\/wp-content\/uploads\/2026\/03\/finnish-lake-district-aerial-03.webp ,https:\/\/nordicaitools.com\/wp-content\/uploads\/2026\/03\/finnish-lake-district-aerial-03.webp 780w, https:\/\/nordicaitools.com\/wp-content\/uploads\/2026\/03\/finnish-lake-district-aerial-03.webp 360w\" sizes=\"auto, (max-width: 480px) 150px\" src=\"https:\/\/nordicaitools.com\/wp-content\/uploads\/2026\/03\/finnish-lake-district-aerial-03.webp\" alt=\"\" class=\"uag-image-13\" width=\"360\" height=\"450\" title=\"\" loading=\"lazy\" role=\"img\"><\/figure><\/div>\n<\/div>\n\n\n\n<div class=\"wp-block-uagb-container uagb-block-7efbd0d8\">\n<div class=\"wp-block-uagb-info-box uagb-block-1da524b8 uagb-infobox__content-wrap  uagb-infobox-icon-above-title uagb-infobox-image-valign-top\"><div class=\"uagb-ifb-content\"><div class=\"uagb-ifb-title-wrap\"><h2 class=\"uagb-ifb-title\">Nordic AI Tools er et uavhengig nettsted for anmeldelser av AI-verkt\u00f8y for brukere i Finland, Sverige, Norge, Danmark og Island.<\/h2><\/div><p class=\"uagb-ifb-desc\">Jeg heter Marko og bor i Finland. Jeg har laget dette nettstedet fordi nordiske brukere har spesifikke behov som globale anmeldelsessider ignorerer. Fungerer verkt\u00f8yet p\u00e5 finsk? Finnes det svensk spr\u00e5kst\u00f8tte? Prises det i EUR eller lokale valutaer? Er dataene lagret innenfor EU? Dette er grunnleggende sp\u00f8rsm\u00e5l som ingen engelskspr\u00e5klige anmeldelsessider besvarer.<\/p><\/div><\/div>\n\n\n\n<div class=\"wp-block-uagb-advanced-heading uagb-block-8d4b7a60 uag-hide-tab uag-hide-mob\"><p class=\"uagb-desc-text\">Hver anmeldelse skrives f\u00f8rst p\u00e5 engelsk, og deretter lokaliseres den til de nordiske spr\u00e5kene av personer som har spr\u00e5ket som morsm\u00e5l, og som legger til lokal kontekst &#8211; prisforventninger, lokale alternativer og markedsspesifikk innsikt som bare en person fra det aktuelle landet kjenner til.<\/p><\/div>\n\n\n\n<div class=\"wp-block-uagb-advanced-heading uagb-block-86594438 uag-hide-tab uag-hide-mob\"><p class=\"uagb-desc-text\">Dette nettstedet er en del av Avoin Maailma OY, et finsk selskap. Vi tjener penger gjennom tilknyttede lenker. Dette p\u00e5virker aldri anbefalingene v\u00e5re &#8211; hvis et verkt\u00f8y er det beste alternativet, men ikke har noe tilknyttet program, anbefaler vi det likevel.<\/p><\/div>\n\n\n\n<p><strong>Hvordan jeg vurderer verkt\u00f8y<\/strong><\/p>\n\n\n\n<ul class=\"wp-block-list\">\n<li>Praktisk testing med ekte arbeid, ikke overfladiske oversikter<\/li>\n\n\n\n<li>Kontroll av EU-samsvar for hvert verkt\u00f8y som gjennomg\u00e5s<\/li>\n\n\n\n<li>Lokale spr\u00e5ktester utf\u00f8rt av morsm\u00e5lstalere<\/li>\n\n\n\n<li>\u00c6rlige meninger &#8211; hvis et verkt\u00f8y ikke er godt nok, kommer det ikke med p\u00e5 nettstedet<\/li>\n<\/ul>\n\n\n\n<p><\/p>\n<\/div>\n<\/div><\/div>\n","protected":false},"excerpt":{"rendered":"<p>Hver anmeldelse skrives f\u00f8rst p\u00e5 engelsk, og deretter lokaliseres den til de nordiske spr\u00e5kene av personer som har spr\u00e5ket som morsm\u00e5l, og som legger til lokal kontekst &#8211; prisforventninger, lokale alternativer og markedsspesifikk innsikt som bare en person fra det aktuelle landet kjenner til. Dette nettstedet er en del av Avoin Maailma OY, et finsk [&hellip;]<\/p>\n","protected":false},"author":1,"featured_media":0,"parent":0,"menu_order":0,"comment_status":"closed","ping_status":"closed","template":"","meta":{"_uag_custom_page_level_css":"","site-sidebar-layout":"no-sidebar","site-content-layout":"","ast-site-content-layout":"normal-width-container","site-content-style":"default","site-sidebar-style":"default","ast-global-header-display":"","ast-banner-title-visibility":"","ast-main-header-display":"","ast-hfb-above-header-display":"","ast-hfb-below-header-display":"","ast-hfb-mobile-header-display":"","site-post-title":"disabled","ast-breadcrumbs-content":"","ast-featured-img":"","footer-sml-layout":"","ast-disable-related-posts":"","theme-transparent-header-meta":"enabled","adv-header-id-meta":"","stick-header-meta":"","header-above-stick-meta":"","header-main-stick-meta":"","header-below-stick-meta":"","astra-migrate-meta-layouts":"default","ast-page-background-enabled":"default","ast-page-background-meta":{"desktop":{"background-color":"var(--ast-global-color-4)","background-image":"","background-repeat":"repeat","background-position":"center center","background-size":"auto","background-attachment":"scroll","background-type":"","background-media":"","overlay-type":"","overlay-color":"","overlay-opacity":"","overlay-gradient":""},"tablet":{"background-color":"","background-image":"","background-repeat":"repeat","background-position":"center center","background-size":"auto","background-attachment":"scroll","background-type":"","background-media":"","overlay-type":"","overlay-color":"","overlay-opacity":"","overlay-gradient":""},"mobile":{"background-color":"","background-image":"","background-repeat":"repeat","background-position":"center center","background-size":"auto","background-attachment":"scroll","background-type":"","background-media":"","overlay-type":"","overlay-color":"","overlay-opacity":"","overlay-gradient":""}},"ast-content-background-meta":{"desktop":{"background-color":"var(--ast-global-color-5)","background-image":"","background-repeat":"repeat","background-position":"center center","background-size":"auto","background-attachment":"scroll","background-type":"","background-media":"","overlay-type":"","overlay-color":"","overlay-opacity":"","overlay-gradient":""},"tablet":{"background-color":"var(--ast-global-color-5)","background-image":"","background-repeat":"repeat","background-position":"center center","background-size":"auto","background-attachment":"scroll","background-type":"","background-media":"","overlay-type":"","overlay-color":"","overlay-opacity":"","overlay-gradient":""},"mobile":{"background-color":"var(--ast-global-color-5)","background-image":"","background-repeat":"repeat","background-position":"center center","background-size":"auto","background-attachment":"scroll","background-type":"","background-media":"","overlay-type":"","overlay-color":"","overlay-opacity":"","overlay-gradient":""}},"footnotes":""},"class_list":["post-914","page","type-page","status-publish","hentry"],"uagb_featured_image_src":{"full":false,"thumbnail":false,"medium":false,"medium_large":false,"large":false,"1536x1536":false,"2048x2048":false},"uagb_author_info":{"display_name":"NordicAITools Team","author_link":"https:\/\/nordicaitools.com\/no\/author\/nordik881\/"},"uagb_comment_info":0,"uagb_excerpt":"Hver anmeldelse skrives f\u00f8rst p\u00e5 engelsk, og deretter lokaliseres den til de nordiske spr\u00e5kene av personer som har spr\u00e5ket som morsm\u00e5l, og som legger til lokal kontekst &#8211; prisforventninger, lokale alternativer og markedsspesifikk innsikt som bare en person fra det aktuelle landet kjenner til. Dette nettstedet er en del av Avoin Maailma OY, et finsk&hellip;","_links":{"self":[{"href":"https:\/\/nordicaitools.com\/no\/wp-json\/wp\/v2\/pages\/914","targetHints":{"allow":["GET"]}}],"collection":[{"href":"https:\/\/nordicaitools.com\/no\/wp-json\/wp\/v2\/pages"}],"about":[{"href":"https:\/\/nordicaitools.com\/no\/wp-json\/wp\/v2\/types\/page"}],"author":[{"embeddable":true,"href":"https:\/\/nordicaitools.com\/no\/wp-json\/wp\/v2\/users\/1"}],"replies":[{"embeddable":true,"href":"https:\/\/nordicaitools.com\/no\/wp-json\/wp\/v2\/comments?post=914"}],"version-history":[{"count":3,"href":"https:\/\/nordicaitools.com\/no\/wp-json\/wp\/v2\/pages\/914\/revisions"}],"predecessor-version":[{"id":917,"href":"https:\/\/nordicaitools.com\/no\/wp-json\/wp\/v2\/pages\/914\/revisions\/917"}],"wp:attachment":[{"href":"https:\/\/nordicaitools.com\/no\/wp-json\/wp\/v2\/media?parent=914"}],"curies":[{"name":"wp","href":"https:\/\/api.w.org\/{rel}","templated":true}]}}