{"id":882,"date":"2026-04-01T23:16:52","date_gmt":"2026-04-01T20:16:52","guid":{"rendered":"https:\/\/nordicaitools.com\/opplysninger-om-tilknyttede-selskaper\/"},"modified":"2026-05-05T15:32:07","modified_gmt":"2026-05-05T12:32:07","slug":"opplysninger-om-tilknyttede-selskaper","status":"publish","type":"page","link":"https:\/\/nordicaitools.com\/no\/opplysninger-om-tilknyttede-selskaper\/","title":{"rendered":"Opplysninger om tilknyttede selskaper"},"content":{"rendered":"\n<p>NordicAITools er leserst\u00f8ttet.<\/p>\n\n<p>Noen lenker p\u00e5 dette nettstedet er tilknyttede lenker. Hvis du klikker deg videre og foretar et kj\u00f8p, kan vi tjene en provisjon uten ekstra kostnad for deg. <\/p>\n\n<p>Vi anbefaler kun verkt\u00f8y vi virkelig har testet og mener er nyttige for nordiske brukere. V\u00e5re anmeldelser dekker lokal spr\u00e5kst\u00f8tte, EUR-priser, EU-datakrav og praktisk brukervennlighet for finske, svenske, norske, danske og islandske brukere. <\/p>\n\n<p>Affiliateforhold p\u00e5virker aldri v\u00e5re anmeldelser eller anbefalinger.<\/p>\n\n<p>For sp\u00f8rsm\u00e5l, kontakt: nordicaitools@proton.me<\/p>\n","protected":false},"excerpt":{"rendered":"<p>NordicAITools er leserst\u00f8ttet. Noen lenker p\u00e5 dette nettstedet er tilknyttede lenker. Hvis du klikker deg videre og foretar et kj\u00f8p, kan vi tjene en provisjon uten ekstra kostnad for deg. Vi anbefaler kun verkt\u00f8y vi virkelig har testet og mener er nyttige for nordiske brukere. V\u00e5re anmeldelser dekker lokal spr\u00e5kst\u00f8tte, EUR-priser, EU-datakrav og praktisk brukervennlighet [&hellip;]<\/p>\n","protected":false},"author":1,"featured_media":0,"parent":0,"menu_order":0,"comment_status":"closed","ping_status":"closed","template":"","meta":{"_uag_custom_page_level_css":"","site-sidebar-layout":"default","site-content-layout":"","ast-site-content-layout":"default","site-content-style":"default","site-sidebar-style":"default","ast-global-header-display":"","ast-banner-title-visibility":"","ast-main-header-display":"","ast-hfb-above-header-display":"","ast-hfb-below-header-display":"","ast-hfb-mobile-header-display":"","site-post-title":"","ast-breadcrumbs-content":"","ast-featured-img":"","footer-sml-layout":"","ast-disable-related-posts":"","theme-transparent-header-meta":"","adv-header-id-meta":"","stick-header-meta":"","header-above-stick-meta":"","header-main-stick-meta":"","header-below-stick-meta":"","astra-migrate-meta-layouts":"default","ast-page-background-enabled":"default","ast-page-background-meta":{"desktop":{"background-color":"var(--ast-global-color-4)","background-image":"","background-repeat":"repeat","background-position":"center center","background-size":"auto","background-attachment":"scroll","background-type":"","background-media":"","overlay-type":"","overlay-color":"","overlay-opacity":"","overlay-gradient":""},"tablet":{"background-color":"","background-image":"","background-repeat":"repeat","background-position":"center center","background-size":"auto","background-attachment":"scroll","background-type":"","background-media":"","overlay-type":"","overlay-color":"","overlay-opacity":"","overlay-gradient":""},"mobile":{"background-color":"","background-image":"","background-repeat":"repeat","background-position":"center center","background-size":"auto","background-attachment":"scroll","background-type":"","background-media":"","overlay-type":"","overlay-color":"","overlay-opacity":"","overlay-gradient":""}},"ast-content-background-meta":{"desktop":{"background-color":"var(--ast-global-color-5)","background-image":"","background-repeat":"repeat","background-position":"center center","background-size":"auto","background-attachment":"scroll","background-type":"","background-media":"","overlay-type":"","overlay-color":"","overlay-opacity":"","overlay-gradient":""},"tablet":{"background-color":"var(--ast-global-color-5)","background-image":"","background-repeat":"repeat","background-position":"center center","background-size":"auto","background-attachment":"scroll","background-type":"","background-media":"","overlay-type":"","overlay-color":"","overlay-opacity":"","overlay-gradient":""},"mobile":{"background-color":"var(--ast-global-color-5)","background-image":"","background-repeat":"repeat","background-position":"center center","background-size":"auto","background-attachment":"scroll","background-type":"","background-media":"","overlay-type":"","overlay-color":"","overlay-opacity":"","overlay-gradient":""}},"footnotes":""},"class_list":["post-882","page","type-page","status-publish","hentry"],"uagb_featured_image_src":{"full":false,"thumbnail":false,"medium":false,"medium_large":false,"large":false,"1536x1536":false,"2048x2048":false},"uagb_author_info":{"display_name":"NordicAITools Team","author_link":"https:\/\/nordicaitools.com\/no\/author\/nordik881\/"},"uagb_comment_info":0,"uagb_excerpt":"NordicAITools er leserst\u00f8ttet. Noen lenker p\u00e5 dette nettstedet er tilknyttede lenker. Hvis du klikker deg videre og foretar et kj\u00f8p, kan vi tjene en provisjon uten ekstra kostnad for deg. Vi anbefaler kun verkt\u00f8y vi virkelig har testet og mener er nyttige for nordiske brukere. V\u00e5re anmeldelser dekker lokal spr\u00e5kst\u00f8tte, EUR-priser, EU-datakrav og praktisk brukervennlighet&hellip;","_links":{"self":[{"href":"https:\/\/nordicaitools.com\/no\/wp-json\/wp\/v2\/pages\/882","targetHints":{"allow":["GET"]}}],"collection":[{"href":"https:\/\/nordicaitools.com\/no\/wp-json\/wp\/v2\/pages"}],"about":[{"href":"https:\/\/nordicaitools.com\/no\/wp-json\/wp\/v2\/types\/page"}],"author":[{"embeddable":true,"href":"https:\/\/nordicaitools.com\/no\/wp-json\/wp\/v2\/users\/1"}],"replies":[{"embeddable":true,"href":"https:\/\/nordicaitools.com\/no\/wp-json\/wp\/v2\/comments?post=882"}],"version-history":[{"count":2,"href":"https:\/\/nordicaitools.com\/no\/wp-json\/wp\/v2\/pages\/882\/revisions"}],"predecessor-version":[{"id":884,"href":"https:\/\/nordicaitools.com\/no\/wp-json\/wp\/v2\/pages\/882\/revisions\/884"}],"wp:attachment":[{"href":"https:\/\/nordicaitools.com\/no\/wp-json\/wp\/v2\/media?parent=882"}],"curies":[{"name":"wp","href":"https:\/\/api.w.org\/{rel}","templated":true}]}}