{"id":808,"date":"2026-04-01T23:12:48","date_gmt":"2026-04-01T20:12:48","guid":{"rendered":"https:\/\/nordicaitools.com\/tietosuojakaytanto\/"},"modified":"2026-04-29T20:25:44","modified_gmt":"2026-04-29T17:25:44","slug":"tietosuojakaytanto","status":"publish","type":"page","link":"https:\/\/nordicaitools.com\/fi\/tietosuojakaytanto\/","title":{"rendered":"Tietosuojak\u00e4yt\u00e4nt\u00f6"},"content":{"rendered":"\n<p>Viimeksi p\u00e4ivitetty 01 huhtikuu 2026<\/p>\n\n<p>T\u00e4ss\u00e4 Marko Keipin (joka toimii nimell\u00e4 NordicAITools) (&#8221;me&#8221;, &#8221;meit\u00e4&#8221; tai &#8221;meid\u00e4n&#8221;) tietosuojailmoituksessa kuvataan, miten ja miksi voimme k\u00e4ytt\u00e4\u00e4, ker\u00e4t\u00e4, tallentaa, s\u00e4ilytt\u00e4\u00e4, k\u00e4ytt\u00e4\u00e4 ja\/tai jakaa henkil\u00f6tietojasi, kun k\u00e4yt\u00e4t palveluitamme, mukaan lukien kun:<\/p>\n\n<ul class=\"wp-block-list\">\n<li>K\u00e4y verkkosivuillamme osoitteessa <a href=\"https:\/\/nordicaitools.com\/fi\/\">https:\/\/nordicaitools.com<\/a><\/li>\n\n\n\n<li>K\u00e4yt\u00e4 NordicAITools-ty\u00f6kaluja. NordicAITools on pohjoismaisille k\u00e4ytt\u00e4jille suunnattu riippumaton teko\u00e4lyty\u00f6kalujen arviointi- ja vertailusivusto. Tarjoamme rehellisi\u00e4, GDPR-tietoisia arvioita teko\u00e4lyohjelmistoista ja hinnoittelua paikallisissa valuutoissa. Ansaitsemme palkkioita kumppanilinkkien kautta, kun lukijat ostavat suositeltuja ty\u00f6kaluja.   <\/li>\n<\/ul>\n\n<p>Kysymyksi\u00e4 tai huolenaiheita? Ota yhteytt\u00e4 osoitteeseen <a href=\"mailto:euroaiguide@proton.me\">nordicaitools@proton.me<\/a> <\/p>\n\n<hr class=\"wp-block-separator has-alpha-channel-opacity\"\/>\n\n<p><strong>YHTEENVETO T\u00c4RKEIMMIST\u00c4 KOHDISTA<\/strong><\/p>\n\n<p>Emme k\u00e4sittele arkaluonteisia henkil\u00f6tietoja. Emme ker\u00e4\u00e4 tietoja kolmansilta osapuolilta. Saatamme jakaa tietoja kolmansien osapuolten, kuten Google Analyticsin, kanssa. Voit ottaa meihin yhteytt\u00e4 k\u00e4ytt\u00e4\u00e4ksesi tietosuojaoikeuksiasi.   <\/p>\n\n<hr class=\"wp-block-separator has-alpha-channel-opacity\"\/>\n\n<p><strong>SIS\u00c4LLYSLUETTELO<\/strong><\/p>\n\n<ol class=\"wp-block-list\">\n<li>Mit\u00e4 tietoja ker\u00e4\u00e4mme?<\/li>\n\n\n\n<li>Miten k\u00e4sittelemme tietojasi?<\/li>\n\n\n\n<li>Mihin oikeusperustoihin nojaamme?<\/li>\n\n\n\n<li>Milloin ja kenen kanssa jaamme tietojasi?<\/li>\n\n\n\n<li>K\u00e4yt\u00e4mmek\u00f6 ev\u00e4steit\u00e4?<\/li>\n\n\n\n<li>Siirret\u00e4\u00e4nk\u00f6 tietojasi kansainv\u00e4lisesti?<\/li>\n\n\n\n<li>Kuinka kauan s\u00e4ilyt\u00e4mme tietojasi?<\/li>\n\n\n\n<li>Miten pid\u00e4mme tietosi turvassa?<\/li>\n\n\n\n<li>Ker\u00e4\u00e4mmek\u00f6 tietoja alaik\u00e4isilt\u00e4?<\/li>\n\n\n\n<li>Mitk\u00e4 ovat yksityisyydensuojasi oikeudet?<\/li>\n\n\n\n<li>Miten voit ottaa meihin yhteytt\u00e4?<\/li>\n<\/ol>\n\n<hr class=\"wp-block-separator has-alpha-channel-opacity\"\/>\n\n<p><strong>1. MIT\u00c4 TIETOJA KER\u00c4\u00c4MME?<\/strong><\/p>\n\n<p>Meille luovuttamasi henkil\u00f6tiedot:<\/p>\n\n<p>Ker\u00e4\u00e4mme henkil\u00f6tietoja, jotka annat vapaaehtoisesti ottaessasi meihin yhteytt\u00e4. N\u00e4it\u00e4 ovat mm: <\/p>\n\n<ul class=\"wp-block-list\">\n<li>Nimet<\/li>\n\n\n\n<li>S\u00e4hk\u00f6postiosoitteet<\/li>\n<\/ul>\n\n<p>Automaattisesti ker\u00e4tyt tiedot:<\/p>\n\n<p>Ker\u00e4\u00e4mme automaattisesti tiettyj\u00e4 tietoja, kun vierailet sivustollamme, mukaan lukien:<\/p>\n\n<ul class=\"wp-block-list\">\n<li>Loki- ja k\u00e4ytt\u00f6tiedot &#8211; IP-osoite, selaimen tyyppi, vierailtujen sivujen tiedot.<\/li>\n\n\n\n<li>Laitetiedot &#8211; laitetyyppi, k\u00e4ytt\u00f6j\u00e4rjestelm\u00e4, selaimen asetukset<\/li>\n<\/ul>\n\n<p>Google API: Google API-palveluista saatujen tietojen k\u00e4ytt\u00f6 noudattaa Google API-palvelujen k\u00e4ytt\u00e4j\u00e4tietok\u00e4yt\u00e4nt\u00f6\u00e4.<\/p>\n\n<hr class=\"wp-block-separator has-alpha-channel-opacity\"\/>\n\n<p><strong>2. MITEN K\u00c4SITTELEMME TIETOJASI?<\/strong><\/p>\n\n<p>K\u00e4sittelemme tietojasi:<\/p>\n\n<ul class=\"wp-block-list\">\n<li>Suojaa palveluitamme petosten valvonnan ja ennaltaehk\u00e4isyn avulla<\/li>\n\n\n\n<li>tunnistaa k\u00e4ytt\u00f6trendej\u00e4 palveluidemme parantamiseksi<\/li>\n\n\n\n<li>Oikeudellisten velvoitteiden noudattaminen<\/li>\n<\/ul>\n\n<hr class=\"wp-block-separator has-alpha-channel-opacity\"\/>\n\n<p><strong>3. MIHIN OIKEUSPERUSTOIHIN NOJAAMME?<\/strong><\/p>\n\n<p>GDPR:n mukaan luotamme:<\/p>\n\n<ul class=\"wp-block-list\">\n<li><strong>Suostumus<\/strong> &#8211; jos olet antanut luvan<\/li>\n\n\n\n<li><strong>Oikeutettu etu<\/strong> &#8211; k\u00e4ytt\u00f6tapojen analysointi ja palveluidemme suojaaminen.<\/li>\n\n\n\n<li><strong>Lakis\u00e4\u00e4teiset velvoitteet<\/strong> &#8211; jos laki niin vaatii<\/li>\n\n\n\n<li><strong>Elint\u00e4rke\u00e4t edut<\/strong> &#8211; tarvittaessa turvallisuuden suojelemiseksi<\/li>\n<\/ul>\n\n<hr class=\"wp-block-separator has-alpha-channel-opacity\"\/>\n\n<p><strong>4. MILLOIN JA KENEN KANSSA JAAMME TIETOJASI?<\/strong><\/p>\n\n<p>Jaamme tietoja seuraavien kolmansien osapuolten kanssa:<\/p>\n\n<ul class=\"wp-block-list\">\n<li><strong>Web- ja mobiilianalytiikka:<\/strong> Google Analytics<\/li>\n\n\n\n<li><strong>Verkkosivuston is\u00e4nn\u00f6inti:<\/strong> OVHCloud<\/li>\n\n\n\n<li><strong>Toiminnallisuus:<\/strong> Termly.io<\/li>\n<\/ul>\n\n<p>Voimme my\u00f6s jakaa tietoja liiketoimintamme fuusion, myynnin tai yritysoston yhteydess\u00e4.<\/p>\n\n<hr class=\"wp-block-separator has-alpha-channel-opacity\"\/>\n\n<p><strong>5. K\u00c4YT\u00c4MMEK\u00d6 EV\u00c4STEIT\u00c4?<\/strong><\/p>\n\n<p>Kyll\u00e4. K\u00e4yt\u00e4mme ev\u00e4steit\u00e4 ja vastaavia seurantatekniikoita tietojen ker\u00e4\u00e4miseen ja tallentamiseen. Katso lis\u00e4tietoja ev\u00e4stek\u00e4yt\u00e4nn\u00f6st\u00e4mme osoitteessa <a href=\"https:\/\/nordicaitools.com\/cookie-policy\">https:\/\/nordicaitools.com\/cookie-policy<\/a>.  <\/p>\n\n<p>K\u00e4yt\u00e4mme Google Analyticsia sivuston k\u00e4yt\u00f6n seurantaan ja analysointiin. Voit kielt\u00e4yty\u00e4 siit\u00e4 osoitteessa <a href=\"https:\/\/tools.google.com\/dlpage\/gaoptout\">https:\/\/tools.google.com\/dlpage\/gaoptout.<\/a> <\/p>\n\n<hr class=\"wp-block-separator has-alpha-channel-opacity\"\/>\n\n<p><strong>6. SIIRRET\u00c4\u00c4NK\u00d6 TIETOJASI KANSAINV\u00c4LISESTI?<\/strong><\/p>\n\n<p>Palvelimemme sijaitsevat Yhdysvalloissa. Jos sijaitset ETA-alueella tai Yhdistyneess\u00e4 kuningaskunnassa, tietosi voidaan siirt\u00e4\u00e4 kansainv\u00e4lisesti. K\u00e4yt\u00e4mme Euroopan komission vakiosopimuslausekkeita suojellaksemme tietojasi sovellettavan lains\u00e4\u00e4d\u00e4nn\u00f6n mukaisesti.  <\/p>\n\n<hr class=\"wp-block-separator has-alpha-channel-opacity\"\/>\n\n<p><strong>7. KUINKA KAUAN S\u00c4ILYT\u00c4MME TIETOJASI?<\/strong><\/p>\n\n<p>S\u00e4ilyt\u00e4mme tietojasi enint\u00e4\u00e4n 2 vuotta, ellei laki edellyt\u00e4 pidemp\u00e4\u00e4 s\u00e4ilytysaikaa.<\/p>\n\n<hr class=\"wp-block-separator has-alpha-channel-opacity\"\/>\n\n<p><strong>8. MITEN PID\u00c4MME TIETOSI TURVASSA?<\/strong><\/p>\n\n<p>Olemme toteuttaneet asianmukaisia teknisi\u00e4 ja organisatorisia turvatoimia henkil\u00f6tietojesi suojaamiseksi. Mit\u00e4\u00e4n s\u00e4hk\u00f6ist\u00e4 tiedonsiirtoa internetiss\u00e4 ei kuitenkaan voida taata 100-prosenttisesti turvalliseksi. <\/p>\n\n<hr class=\"wp-block-separator has-alpha-channel-opacity\"\/>\n\n<p><strong>9. KER\u00c4\u00c4MMEK\u00d6 TIETOJA ALAIK\u00c4ISILT\u00c4?<\/strong><\/p>\n\n<p>Emme tietoisesti ker\u00e4\u00e4 tietoja alle 18-vuotiailta k\u00e4ytt\u00e4jilt\u00e4 emmek\u00e4 markkinoi niit\u00e4 alle 18-vuotiaille.<\/p>\n\n<hr class=\"wp-block-separator has-alpha-channel-opacity\"\/>\n\n<p><strong>10. MITK\u00c4 OVAT YKSITYISYYDENSUOJASI OIKEUDET?<\/strong><\/p>\n\n<p>Jos asut ETA-alueella tai Yhdistyneess\u00e4 kuningaskunnassa, sinulla on oikeus:<\/p>\n\n<ul class=\"wp-block-list\">\n<li>P\u00e4\u00e4sy henkil\u00f6kohtaisiin tietoihin<\/li>\n\n\n\n<li>Pyyd\u00e4 oikaisua tai poistamista<\/li>\n\n\n\n<li>Rajoita k\u00e4sittely\u00e4<\/li>\n\n\n\n<li>Tietojen siirrett\u00e4vyys<\/li>\n\n\n\n<li>K\u00e4sittelyn vastustaminen<\/li>\n<\/ul>\n\n<p>Voit k\u00e4ytt\u00e4\u00e4 n\u00e4it\u00e4 oikeuksia ottamalla meihin yhteytt\u00e4 osoitteessa <a href=\"mailto:euroaiguide@proton.me\">nordicaitools@proton.me<\/a> tai osoitteessa <a href=\"https:\/\/nordicaitools.com\/fi\/?page_id=794\">https:\/\/nordicaitools.com\/contact<\/a>.<\/p>\n\n<p>Sinulla on my\u00f6s oikeus tehd\u00e4 valitus paikalliselle tietosuojaviranomaiselle.<\/p>\n\n<hr class=\"wp-block-separator has-alpha-channel-opacity\"\/>\n\n<p><strong>11. MITEN VOIT OTTAA MEIHIN YHTEYTT\u00c4?<\/strong><\/p>\n\n<p>Marko Keipi Turku, Suomi <a href=\"mailto:euroaiguide@proton.me\">nordicaitools@proton.me<\/a> <a href=\"https:\/\/nordicaitools.com\/fi\/?page_id=794\">https:\/\/nordicaitools.com\/contact https:\/\/nordicaitools.com\/contact<\/a><\/p>\n\n<hr class=\"wp-block-separator has-alpha-channel-opacity\"\/>\n\n<p><strong>MITEN VOIT TARKISTAA, P\u00c4IVITT\u00c4\u00c4 TAI POISTAA TIETOJASI?<\/strong><\/p>\n\n<p>Jos haluat pyyt\u00e4\u00e4 p\u00e4\u00e4sy\u00e4 henkil\u00f6tietoihisi, niiden korjaamista tai poistamista, k\u00e4y osoitteessa <a href=\"https:\/\/nordicaitools.com\/fi\/?page_id=794\">https:\/\/nordicaitools.com\/contact<\/a>.<\/p>\n","protected":false},"excerpt":{"rendered":"<p>Viimeksi p\u00e4ivitetty 01 huhtikuu 2026 T\u00e4ss\u00e4 Marko Keipin (joka toimii nimell\u00e4 NordicAITools) (&#8221;me&#8221;, &#8221;meit\u00e4&#8221; tai &#8221;meid\u00e4n&#8221;) tietosuojailmoituksessa kuvataan, miten ja miksi voimme k\u00e4ytt\u00e4\u00e4, ker\u00e4t\u00e4, tallentaa, s\u00e4ilytt\u00e4\u00e4, k\u00e4ytt\u00e4\u00e4 ja\/tai jakaa henkil\u00f6tietojasi, kun k\u00e4yt\u00e4t palveluitamme, mukaan lukien kun: Kysymyksi\u00e4 tai huolenaiheita? Ota yhteytt\u00e4 osoitteeseen nordicaitools@proton.me YHTEENVETO T\u00c4RKEIMMIST\u00c4 KOHDISTA Emme k\u00e4sittele arkaluonteisia henkil\u00f6tietoja. Emme ker\u00e4\u00e4 tietoja kolmansilta osapuolilta. [&hellip;]<\/p>\n","protected":false},"author":1,"featured_media":0,"parent":0,"menu_order":0,"comment_status":"closed","ping_status":"closed","template":"","meta":{"_uag_custom_page_level_css":"","site-sidebar-layout":"default","site-content-layout":"","ast-site-content-layout":"default","site-content-style":"default","site-sidebar-style":"default","ast-global-header-display":"","ast-banner-title-visibility":"","ast-main-header-display":"","ast-hfb-above-header-display":"","ast-hfb-below-header-display":"","ast-hfb-mobile-header-display":"","site-post-title":"","ast-breadcrumbs-content":"","ast-featured-img":"","footer-sml-layout":"","ast-disable-related-posts":"","theme-transparent-header-meta":"","adv-header-id-meta":"","stick-header-meta":"","header-above-stick-meta":"","header-main-stick-meta":"","header-below-stick-meta":"","astra-migrate-meta-layouts":"default","ast-page-background-enabled":"default","ast-page-background-meta":{"desktop":{"background-color":"var(--ast-global-color-4)","background-image":"","background-repeat":"repeat","background-position":"center center","background-size":"auto","background-attachment":"scroll","background-type":"","background-media":"","overlay-type":"","overlay-color":"","overlay-opacity":"","overlay-gradient":""},"tablet":{"background-color":"","background-image":"","background-repeat":"repeat","background-position":"center center","background-size":"auto","background-attachment":"scroll","background-type":"","background-media":"","overlay-type":"","overlay-color":"","overlay-opacity":"","overlay-gradient":""},"mobile":{"background-color":"","background-image":"","background-repeat":"repeat","background-position":"center center","background-size":"auto","background-attachment":"scroll","background-type":"","background-media":"","overlay-type":"","overlay-color":"","overlay-opacity":"","overlay-gradient":""}},"ast-content-background-meta":{"desktop":{"background-color":"var(--ast-global-color-5)","background-image":"","background-repeat":"repeat","background-position":"center center","background-size":"auto","background-attachment":"scroll","background-type":"","background-media":"","overlay-type":"","overlay-color":"","overlay-opacity":"","overlay-gradient":""},"tablet":{"background-color":"var(--ast-global-color-5)","background-image":"","background-repeat":"repeat","background-position":"center center","background-size":"auto","background-attachment":"scroll","background-type":"","background-media":"","overlay-type":"","overlay-color":"","overlay-opacity":"","overlay-gradient":""},"mobile":{"background-color":"var(--ast-global-color-5)","background-image":"","background-repeat":"repeat","background-position":"center center","background-size":"auto","background-attachment":"scroll","background-type":"","background-media":"","overlay-type":"","overlay-color":"","overlay-opacity":"","overlay-gradient":""}},"footnotes":""},"class_list":["post-808","page","type-page","status-publish","hentry"],"uagb_featured_image_src":{"full":false,"thumbnail":false,"medium":false,"medium_large":false,"large":false,"1536x1536":false,"2048x2048":false},"uagb_author_info":{"display_name":"NordicAITools Team","author_link":"https:\/\/nordicaitools.com\/fi\/author\/nordik881\/"},"uagb_comment_info":0,"uagb_excerpt":"Viimeksi p\u00e4ivitetty 01 huhtikuu 2026 T\u00e4ss\u00e4 Marko Keipin (joka toimii nimell\u00e4 NordicAITools) (&#8221;me&#8221;, &#8221;meit\u00e4&#8221; tai &#8221;meid\u00e4n&#8221;) tietosuojailmoituksessa kuvataan, miten ja miksi voimme k\u00e4ytt\u00e4\u00e4, ker\u00e4t\u00e4, tallentaa, s\u00e4ilytt\u00e4\u00e4, k\u00e4ytt\u00e4\u00e4 ja\/tai jakaa henkil\u00f6tietojasi, kun k\u00e4yt\u00e4t palveluitamme, mukaan lukien kun: Kysymyksi\u00e4 tai huolenaiheita? Ota yhteytt\u00e4 osoitteeseen nordicaitools@proton.me YHTEENVETO T\u00c4RKEIMMIST\u00c4 KOHDISTA Emme k\u00e4sittele arkaluonteisia henkil\u00f6tietoja. Emme ker\u00e4\u00e4 tietoja kolmansilta osapuolilta.&hellip;","_links":{"self":[{"href":"https:\/\/nordicaitools.com\/fi\/wp-json\/wp\/v2\/pages\/808","targetHints":{"allow":["GET"]}}],"collection":[{"href":"https:\/\/nordicaitools.com\/fi\/wp-json\/wp\/v2\/pages"}],"about":[{"href":"https:\/\/nordicaitools.com\/fi\/wp-json\/wp\/v2\/types\/page"}],"author":[{"embeddable":true,"href":"https:\/\/nordicaitools.com\/fi\/wp-json\/wp\/v2\/users\/1"}],"replies":[{"embeddable":true,"href":"https:\/\/nordicaitools.com\/fi\/wp-json\/wp\/v2\/comments?post=808"}],"version-history":[{"count":2,"href":"https:\/\/nordicaitools.com\/fi\/wp-json\/wp\/v2\/pages\/808\/revisions"}],"predecessor-version":[{"id":810,"href":"https:\/\/nordicaitools.com\/fi\/wp-json\/wp\/v2\/pages\/808\/revisions\/810"}],"wp:attachment":[{"href":"https:\/\/nordicaitools.com\/fi\/wp-json\/wp\/v2\/media?parent=808"}],"curies":[{"name":"wp","href":"https:\/\/api.w.org\/{rel}","templated":true}]}}