{"id":803,"date":"2026-03-17T14:43:44","date_gmt":"2026-03-17T12:43:44","guid":{"rendered":"https:\/\/nordicaitools.com\/etusivu\/"},"modified":"2026-04-30T12:33:28","modified_gmt":"2026-04-30T09:33:28","slug":"etusivu","status":"publish","type":"page","link":"https:\/\/nordicaitools.com\/fi\/","title":{"rendered":"Etusivu"},"content":{"rendered":"\n<div class=\"wp-block-uagb-container uagb-layout-grid uagb-block-4a3b6f11 alignfull uagb-is-root-container\"><div class=\"uagb-container-inner-blocks-wrap\">\n<div class=\"wp-block-uagb-info-box uagb-block-6eed3534 uagb-infobox__content-wrap  uagb-infobox-icon-above-title uagb-infobox-image-valign-top\"><div class=\"uagb-ifb-content\"><div class=\"uagb-ifb-title-wrap\"><h1 class=\"uagb-ifb-title\">Teko\u00e4lyty\u00f6kalujen arvostelut suomalaisille<\/h1><\/div><p class=\"uagb-ifb-desc\">Arvioin teko\u00e4lyty\u00f6kaluja suomalaisilla k\u00e4ytt\u00e4ji\u00e4 silm\u00e4ll\u00e4 pit\u00e4en. Paikallisen kielen tuki, eurom\u00e4\u00e4r\u00e4inen hinnoittelu, EU:n tietojen, lakien noudattaminen ja rehelliset mielipiteet. <\/p><div class=\"uagb-ifb-button-wrapper wp-block-button\"><a href=\"https:\/\/nordicaitools.com\/fi\/arvostelut\/\" class=\"uagb-infobox-cta-link wp-block-button__link\" target=\"_self\" rel=\"noopener noreferrer\" onclick=\"return true;\"><span class=\"uagb-inline-editing\">Lue lis\u00e4\u00e4<\/span><\/a><\/div><\/div><\/div>\n\n\n\n<div class=\"wp-block-uagb-image uagb-block-3f3c8c70 wp-block-uagb-image--layout-default wp-block-uagb-image--effect-static wp-block-uagb-image--align-none alignright uag-blocks-common-selector\" style=\"--z-index-desktop:1;;--z-index-tablet:1;;--z-index-mobile:undefined;\"><figure class=\"wp-block-uagb-image__figure\"><img decoding=\"async\" srcset=\"https:\/\/nordicaitools.com\/wp-content\/uploads\/2026\/03\/analytics-dashboard-laptop-screen.webp ,https:\/\/nordicaitools.com\/wp-content\/uploads\/2026\/03\/analytics-dashboard-laptop-screen.webp 780w, https:\/\/nordicaitools.com\/wp-content\/uploads\/2026\/03\/analytics-dashboard-laptop-screen.webp 360w\" sizes=\"auto, (max-width: 480px) 150px\" src=\"https:\/\/nordicaitools.com\/wp-content\/uploads\/2026\/03\/analytics-dashboard-laptop-screen.webp\" alt=\"\" class=\"uag-image-8\" width=\"425\" height=\"580\" title=\"\" loading=\"lazy\" role=\"img\"\/><\/figure><\/div>\n<\/div><\/div>\n\n<div class=\"wp-block-uagb-container uagb-block-ed6a7a4e alignfull uagb-is-root-container\"><div class=\"uagb-container-inner-blocks-wrap\">\n<div class=\"wp-block-uagb-container uagb-block-63d6fc23\">\n<div class=\"wp-block-uagb-info-box uagb-block-5498914e uagb-infobox__content-wrap  uagb-infobox-icon-above-title uagb-infobox-image-valign-top\"><div class=\"uagb-ifb-content\"><div class=\"uagb-ifb-title-wrap\"><h2 class=\"uagb-ifb-title\">Miksi suomalainen teko\u00e4lyopas?<\/h2><\/div><p class=\"uagb-ifb-desc\">Useimmat teko\u00e4lyty\u00f6kalujen arvostelut on kirjoitettu amerikkalaisille k\u00e4ytt\u00e4jille. Hinnoittelu tapahtuu dollareissa, tiedot tallennetaan Yhdysvalloissa, eik\u00e4 kukaan tarkista, toimiiko ty\u00f6kalu todella suomeksi. T\u00e4m\u00e4 sivusto on olemassa, koska suomalaiset k\u00e4ytt\u00e4j\u00e4t ansaitsevat arvosteluja, jotka heijastavat sit\u00e4, miten me itse asiassa k\u00e4yt\u00e4mme n\u00e4it\u00e4 ty\u00f6kaluja, meid\u00e4n kielill\u00e4mme, meid\u00e4n s\u00e4\u00e4nt\u00f6jemme mukaisesti ja hinnoilla, jotka ovat t\u00e4\u00e4ll\u00e4 j\u00e4rkevi\u00e4.  <\/p><div class=\"uagb-ifb-button-wrapper wp-block-button\"><a href=\"about\/\" class=\"uagb-infobox-cta-link wp-block-button__link\" target=\"_self\" rel=\"noopener noreferrer\" onclick=\"return true;\"><span class=\"uagb-inline-editing\">Lis\u00e4\u00e4 meist\u00e4<\/span><\/a><\/div><\/div><\/div>\n\n\n\n<div class=\"wp-block-uagb-container uagb-block-cc5cfa3b\">\n<div class=\"wp-block-uagb-advanced-heading uagb-block-e3f151fe\"><\/div>\n\n\n\n<div class=\"wp-block-uagb-icon-list uagb-block-076a4c71\"><div class=\"uagb-icon-list__wrap\"><\/div><\/div>\n<\/div>\n<\/div>\n<\/div><\/div>\n\n<div class=\"wp-block-uagb-container uagb-block-b3c5b617 alignfull uagb-is-root-container\"><div class=\"uagb-container-inner-blocks-wrap\">\n<div class=\"wp-block-uagb-container uagb-block-20e252f4\">\n<div class=\"wp-block-uagb-advanced-heading uagb-block-b1340a6c\"><h2 class=\"uagb-heading-text\">Viimeisimm\u00e4t arvostelut<\/h2><\/div>\n\n\n\n<div class=\"wp-block-uagb-buttons uagb-buttons__outer-wrap uagb-btn__default-btn uagb-btn-tablet__default-btn uagb-btn-mobile__default-btn uagb-block-f4801d4e\"><div class=\"uagb-buttons__wrap uagb-buttons-layout-wrap \">\n<div class=\"wp-block-uagb-buttons-child uagb-buttons__outer-wrap uagb-block-6d5e0d95 wp-block-button\"><div class=\"uagb-button__wrapper\"><a class=\"uagb-buttons-repeater wp-block-button__link\" aria-label=\"\" href=\"blogi\/\" rel=\"follow noopener\" target=\"_self\" role=\"button\"><div class=\"uagb-button__link\">N\u00e4yt\u00e4 kaikki<\/div><span class=\"uagb-button__icon uagb-button__icon-position-after\"><svg xmlns=\"https:\/\/www.w3.org\/2000\/svg\" viewbox=\"0 0 448 512\" aria-hidden=\"true\" focussable=\"false\"><path d=\"M438.6 278.6l-160 160C272.4 444.9 264.2 448 256 448s-16.38-3.125-22.62-9.375c-12.5-12.5-12.5-32.75 0-45.25L338.8 288H32C14.33 288 .0016 273.7 .0016 256S14.33 224 32 224h306.8l-105.4-105.4c-12.5-12.5-12.5-32.75 0-45.25s32.75-12.5 45.25 0l160 160C451.1 245.9 451.1 266.1 438.6 278.6z\"><\/path><\/svg><\/span><\/a><\/div><\/div>\n<\/div><\/div>\n<\/div>\n\n\n\n\t\t\t<div class=\"wp-block-uagb-post-grid uagb-post-grid  uagb-post__image-position-top uagb-post__image-enabled uagb-block-5f89f61b     uagb-post__items uagb-post__columns-3 is-grid uagb-post__columns-tablet-3 uagb-post__columns-mobile-1 uagb-post__equal-height\" data-total=\"1\" style=\"\">\n\n\t\t\t\t\t\t\t\t\t\t\t\t<article class=\"uagb-post__inner-wrap\">\t\t\t\t\t\t\t\t<div class='uagb-post__image'>\n\t\t\t\t\t\t\t\t\t<a href=\"https:\/\/nordicaitools.com\/fi\/mika-on-chatgpt-milloin-sita-kaytetaan\/\" target=\"_self\" rel=\"bookmark noopener noreferrer\" class='uagb-image-ratio-2-3'><img loading=\"lazy\" decoding=\"async\" width=\"300\" height=\"141\" src=\"https:\/\/nordicaitools.com\/wp-content\/uploads\/2026\/04\/chatgpt-mindtoday-300x141.webp\" class=\"attachment-medium size-medium\" alt=\"\" srcset=\"https:\/\/nordicaitools.com\/wp-content\/uploads\/2026\/04\/chatgpt-mindtoday-300x141.webp 300w, https:\/\/nordicaitools.com\/wp-content\/uploads\/2026\/04\/chatgpt-mindtoday-1024x480.webp 1024w, https:\/\/nordicaitools.com\/wp-content\/uploads\/2026\/04\/chatgpt-mindtoday-768x360.webp 768w, https:\/\/nordicaitools.com\/wp-content\/uploads\/2026\/04\/chatgpt-mindtoday.webp 1200w\" sizes=\"auto, (max-width: 300px) 100vw, 300px\" \/>\t\t\t\t\t<\/a>\n\t\t\t\t\t\t\t<\/div>\n\t\t\t\t\t\t<h3 class=\"uagb-post__title uagb-post__text\">\n\t\t\t\t<a href=\"https:\/\/nordicaitools.com\/fi\/mika-on-chatgpt-milloin-sita-kaytetaan\/\" target=\"_self\" rel=\"bookmark noopener noreferrer\">Mik\u00e4 on ChatGPT? Milloin sit\u00e4 k\u00e4ytet\u00e4\u00e4n?<\/a>\n\t\t\t<\/h3>\n\t\t\t\t\t\t<div class='uagb-post__text uagb-post-grid-byline'>\n\t\t\t\t\t\t\t<\/div>\n\t\t\t\t\t\t\t<div class='uagb-post__text uagb-post__excerpt'>\n\t\t\t\t\t<p>Tietoja ChatGPT:st\u00e4 ChatGPT on teko\u00e4lyavustaja, jonka on kehitt\u00e4nyt San Franciscossa toimiva teko\u00e4lyyritys OpenAI. Se julkaistiin&#8230;\t\t\t\t<\/div>\n\t\t\t\t\t\t<div class=\"uagb-post__text uagb-post__cta wp-block-button\">\n\t\t\t\t<a class=\"wp-block-button__link uagb-text-link\" style=\"\" href=\"https:\/\/nordicaitools.com\/fi\/mika-on-chatgpt-milloin-sita-kaytetaan\/\" target=\"_self\" rel=\"bookmark noopener noreferrer\">Jatka lukemista<\/a>\n\t\t\t<\/div>\n\t\t\t\n\t\t\t\t\t\t\t\t\t<\/article>\n\t\t\t\t\t\t\t\t\t\t\t\t\t\t\t\t<article class=\"uagb-post__inner-wrap\">\t\t\t\t\t\t\t\t<div class='uagb-post__image'>\n\t\t\t\t\t\t\t\t\t<a href=\"https:\/\/nordicaitools.com\/fi\/mika-claude-on-milloin-sita-kaytetaan\/\" target=\"_self\" rel=\"bookmark noopener noreferrer\" class='uagb-image-ratio-2-3'><img loading=\"lazy\" decoding=\"async\" width=\"300\" height=\"148\" src=\"https:\/\/nordicaitools.com\/wp-content\/uploads\/2026\/04\/how-Claude-looks-300x148.webp\" class=\"attachment-medium size-medium\" alt=\"\" srcset=\"https:\/\/nordicaitools.com\/wp-content\/uploads\/2026\/04\/how-Claude-looks-300x148.webp 300w, https:\/\/nordicaitools.com\/wp-content\/uploads\/2026\/04\/how-Claude-looks-1024x503.webp 1024w, https:\/\/nordicaitools.com\/wp-content\/uploads\/2026\/04\/how-Claude-looks-768x378.webp 768w, https:\/\/nordicaitools.com\/wp-content\/uploads\/2026\/04\/how-Claude-looks.webp 1200w\" sizes=\"auto, (max-width: 300px) 100vw, 300px\" \/>\t\t\t\t\t<\/a>\n\t\t\t\t\t\t\t<\/div>\n\t\t\t\t\t\t<h3 class=\"uagb-post__title uagb-post__text\">\n\t\t\t\t<a href=\"https:\/\/nordicaitools.com\/fi\/mika-claude-on-milloin-sita-kaytetaan\/\" target=\"_self\" rel=\"bookmark noopener noreferrer\">Mik\u00e4 Claude on? Milloin sit\u00e4 k\u00e4ytet\u00e4\u00e4n?<\/a>\n\t\t\t<\/h3>\n\t\t\t\t\t\t<div class='uagb-post__text uagb-post-grid-byline'>\n\t\t\t\t\t\t\t<\/div>\n\t\t\t\t\t\t\t<div class='uagb-post__text uagb-post__excerpt'>\n\t\t\t\t\t<p>Tietoa Claudesta Claude on teko\u00e4lyavustaja, jonka on kehitt\u00e4nyt San Franciscossa toimiva teko\u00e4lyturvallisuusyritys Anthropic. Voit ajatella,&#8230;\t\t\t\t<\/div>\n\t\t\t\t\t\t<div class=\"uagb-post__text uagb-post__cta wp-block-button\">\n\t\t\t\t<a class=\"wp-block-button__link uagb-text-link\" style=\"\" href=\"https:\/\/nordicaitools.com\/fi\/mika-claude-on-milloin-sita-kaytetaan\/\" target=\"_self\" rel=\"bookmark noopener noreferrer\">Jatka lukemista<\/a>\n\t\t\t<\/div>\n\t\t\t\n\t\t\t\t\t\t\t\t\t<\/article>\n\t\t\t\t\t\t\t\t\t\t\t\t\t\t\t\t<article class=\"uagb-post__inner-wrap\">\t\t\t\t\t\t\t\t<div class='uagb-post__image'>\n\t\t\t\t\t\t\t\t\t<a href=\"https:\/\/nordicaitools.com\/fi\/midjourney-2026-ostajan-opas-suomalaiselle-yritykselle\/\" target=\"_self\" rel=\"bookmark noopener noreferrer\" class='uagb-image-ratio-2-3'><img loading=\"lazy\" decoding=\"async\" width=\"226\" height=\"300\" src=\"https:\/\/nordicaitools.com\/wp-content\/uploads\/2026\/03\/Kissa-ja-Koira-1-226x300.png\" class=\"attachment-medium size-medium\" alt=\"kissa ja koira 1 midjourney\" srcset=\"https:\/\/nordicaitools.com\/wp-content\/uploads\/2026\/03\/Kissa-ja-Koira-1-226x300.png 226w, https:\/\/nordicaitools.com\/wp-content\/uploads\/2026\/03\/Kissa-ja-Koira-1-771x1024.png 771w, https:\/\/nordicaitools.com\/wp-content\/uploads\/2026\/03\/Kissa-ja-Koira-1-768x1020.png 768w, https:\/\/nordicaitools.com\/wp-content\/uploads\/2026\/03\/Kissa-ja-Koira-1.png 928w\" sizes=\"auto, (max-width: 226px) 100vw, 226px\" \/>\t\t\t\t\t<\/a>\n\t\t\t\t\t\t\t<\/div>\n\t\t\t\t\t\t<h3 class=\"uagb-post__title uagb-post__text\">\n\t\t\t\t<a href=\"https:\/\/nordicaitools.com\/fi\/midjourney-2026-ostajan-opas-suomalaiselle-yritykselle\/\" target=\"_self\" rel=\"bookmark noopener noreferrer\">Midjourney 2026: Ostajan opas suomalaiselle yritykselle<\/a>\n\t\t\t<\/h3>\n\t\t\t\t\t\t<div class='uagb-post__text uagb-post-grid-byline'>\n\t\t\t\t\t\t\t<\/div>\n\t\t\t\t\t\t\t<div class='uagb-post__text uagb-post__excerpt'>\n\t\t\t\t\t<p>Rehellinen arvio hinnoittelusta, tietosuojasta ja siit\u00e4, milloin ty\u00f6kalu on oikeasti liiketoiminnallisesti perusteltu PIKAYHTEENVETO \u2014 lue&#8230;\t\t\t\t<\/div>\n\t\t\t\t\t\t<div class=\"uagb-post__text uagb-post__cta wp-block-button\">\n\t\t\t\t<a class=\"wp-block-button__link uagb-text-link\" style=\"\" href=\"https:\/\/nordicaitools.com\/fi\/midjourney-2026-ostajan-opas-suomalaiselle-yritykselle\/\" target=\"_self\" rel=\"bookmark noopener noreferrer\">Jatka lukemista<\/a>\n\t\t\t<\/div>\n\t\t\t\n\t\t\t\t\t\t\t\t\t<\/article>\n\t\t\t\t\t\t\t\t\t\t\t<\/div>\n\t\t\t<\/div><\/div>\n\n<p><\/p>\n","protected":false},"excerpt":{"rendered":"<p>Viimeisimm\u00e4t arvostelut<\/p>\n","protected":false},"author":1,"featured_media":0,"parent":0,"menu_order":0,"comment_status":"closed","ping_status":"closed","template":"","meta":{"_uag_custom_page_level_css":"","site-sidebar-layout":"no-sidebar","site-content-layout":"","ast-site-content-layout":"normal-width-container","site-content-style":"default","site-sidebar-style":"default","ast-global-header-display":"","ast-banner-title-visibility":"","ast-main-header-display":"","ast-hfb-above-header-display":"","ast-hfb-below-header-display":"","ast-hfb-mobile-header-display":"","site-post-title":"disabled","ast-breadcrumbs-content":"","ast-featured-img":"","footer-sml-layout":"","ast-disable-related-posts":"","theme-transparent-header-meta":"enabled","adv-header-id-meta":"","stick-header-meta":"","header-above-stick-meta":"","header-main-stick-meta":"","header-below-stick-meta":"","astra-migrate-meta-layouts":"default","ast-page-background-enabled":"default","ast-page-background-meta":{"desktop":{"background-color":"var(--ast-global-color-4)","background-image":"","background-repeat":"repeat","background-position":"center center","background-size":"auto","background-attachment":"scroll","background-type":"","background-media":"","overlay-type":"","overlay-color":"","overlay-opacity":"","overlay-gradient":""},"tablet":{"background-color":"","background-image":"","background-repeat":"repeat","background-position":"center center","background-size":"auto","background-attachment":"scroll","background-type":"","background-media":"","overlay-type":"","overlay-color":"","overlay-opacity":"","overlay-gradient":""},"mobile":{"background-color":"","background-image":"","background-repeat":"repeat","background-position":"center center","background-size":"auto","background-attachment":"scroll","background-type":"","background-media":"","overlay-type":"","overlay-color":"","overlay-opacity":"","overlay-gradient":""}},"ast-content-background-meta":{"desktop":{"background-color":"var(--ast-global-color-5)","background-image":"","background-repeat":"repeat","background-position":"center center","background-size":"auto","background-attachment":"scroll","background-type":"","background-media":"","overlay-type":"","overlay-color":"","overlay-opacity":"","overlay-gradient":""},"tablet":{"background-color":"var(--ast-global-color-5)","background-image":"","background-repeat":"repeat","background-position":"center center","background-size":"auto","background-attachment":"scroll","background-type":"","background-media":"","overlay-type":"","overlay-color":"","overlay-opacity":"","overlay-gradient":""},"mobile":{"background-color":"var(--ast-global-color-5)","background-image":"","background-repeat":"repeat","background-position":"center center","background-size":"auto","background-attachment":"scroll","background-type":"","background-media":"","overlay-type":"","overlay-color":"","overlay-opacity":"","overlay-gradient":""}},"footnotes":""},"class_list":["post-803","page","type-page","status-publish","hentry"],"uagb_featured_image_src":{"full":false,"thumbnail":false,"medium":false,"medium_large":false,"large":false,"1536x1536":false,"2048x2048":false},"uagb_author_info":{"display_name":"NordicAITools Team","author_link":"https:\/\/nordicaitools.com\/fi\/author\/nordik881\/"},"uagb_comment_info":0,"uagb_excerpt":"Viimeisimm\u00e4t arvostelut","_links":{"self":[{"href":"https:\/\/nordicaitools.com\/fi\/wp-json\/wp\/v2\/pages\/803","targetHints":{"allow":["GET"]}}],"collection":[{"href":"https:\/\/nordicaitools.com\/fi\/wp-json\/wp\/v2\/pages"}],"about":[{"href":"https:\/\/nordicaitools.com\/fi\/wp-json\/wp\/v2\/types\/page"}],"author":[{"embeddable":true,"href":"https:\/\/nordicaitools.com\/fi\/wp-json\/wp\/v2\/users\/1"}],"replies":[{"embeddable":true,"href":"https:\/\/nordicaitools.com\/fi\/wp-json\/wp\/v2\/comments?post=803"}],"version-history":[{"count":15,"href":"https:\/\/nordicaitools.com\/fi\/wp-json\/wp\/v2\/pages\/803\/revisions"}],"predecessor-version":[{"id":850,"href":"https:\/\/nordicaitools.com\/fi\/wp-json\/wp\/v2\/pages\/803\/revisions\/850"}],"wp:attachment":[{"href":"https:\/\/nordicaitools.com\/fi\/wp-json\/wp\/v2\/media?parent=803"}],"curies":[{"name":"wp","href":"https:\/\/api.w.org\/{rel}","templated":true}]}}