{"id":780,"date":"2026-03-17T14:44:08","date_gmt":"2026-03-17T12:44:08","guid":{"rendered":"https:\/\/nordicaitools.com\/tietoja\/"},"modified":"2026-04-30T12:36:05","modified_gmt":"2026-04-30T09:36:05","slug":"tietoja","status":"publish","type":"page","link":"https:\/\/nordicaitools.com\/fi\/tietoja\/","title":{"rendered":"Tietoja meist\u00e4"},"content":{"rendered":"\n<div class=\"wp-block-uagb-container uagb-block-65a8e191 alignfull uagb-is-root-container\"><div class=\"uagb-container-inner-blocks-wrap\">\n<div class=\"wp-block-uagb-info-box uagb-block-e42f1764 uagb-infobox__content-wrap  uagb-infobox-icon-above-title uagb-infobox-image-valign-top\"><div class=\"uagb-ifb-content\"><div class=\"uagb-ifb-title-wrap\"><h1 class=\"uagb-ifb-title-prefix\">Teko\u00e4lytietoa Suomalaisille.<\/h1><p class=\"uagb-ifb-title\">Tutustu NordicAiToolsin mukana. Autamme paikallisia yrityksi\u00e4 ja henkil\u00f6it\u00e4 valitsemaan oikeat teko\u00e4lyty\u00f6kalut tarpeisiinsa.<\/p><\/div><\/div><\/div>\n<\/div><\/div>\n\n<div class=\"wp-block-uagb-container uagb-block-1f113e62 alignfull uagb-is-root-container\"><div class=\"uagb-container-inner-blocks-wrap\">\n<div class=\"wp-block-uagb-container uagb-block-c7fbc965\">\n<div class=\"wp-block-uagb-image alignleft uagb-block-a91340b0 wp-block-uagb-image--layout-default wp-block-uagb-image--effect-static wp-block-uagb-image--align-left\"><figure class=\"wp-block-uagb-image__figure\"><img decoding=\"async\" srcset=\"https:\/\/nordicaitools.com\/wp-content\/uploads\/2026\/03\/finnish-lake-district-aerial-03.webp ,https:\/\/nordicaitools.com\/wp-content\/uploads\/2026\/03\/finnish-lake-district-aerial-03.webp 780w, https:\/\/nordicaitools.com\/wp-content\/uploads\/2026\/03\/finnish-lake-district-aerial-03.webp 360w\" sizes=\"auto, (max-width: 480px) 150px\" src=\"https:\/\/nordicaitools.com\/wp-content\/uploads\/2026\/03\/finnish-lake-district-aerial-03.webp\" alt=\"\" class=\"uag-image-13\" width=\"360\" height=\"450\" title=\"\" loading=\"lazy\" role=\"img\"\/><\/figure><\/div>\n<\/div>\n\n\n\n<div class=\"wp-block-uagb-container uagb-block-7efbd0d8\">\n<div class=\"wp-block-uagb-info-box uagb-block-1da524b8 uagb-infobox__content-wrap  uagb-infobox-icon-above-title uagb-infobox-image-valign-top\"><div class=\"uagb-ifb-content\"><div class=\"uagb-ifb-title-wrap\"><h2 class=\"uagb-ifb-title\">Nordic AI Tools on riippumaton arvostelusivusto, joka kattaa teko\u00e4lyty\u00f6kalut, jotka varsinkin sopivat Suomalaiseen k\u00e4ytt\u00f6\u00f6n.<\/h2><\/div><p class=\"uagb-ifb-desc\">Minun nimeni on Marko, asun Suomessa. Rakensin t\u00e4m\u00e4n sivuston, koska Suomalaisille k\u00e4ytt\u00e4jill\u00e4 on erityisi\u00e4 tarpeita, jotka kansainv\u00e4liset arvostelusivustot j\u00e4tt\u00e4v\u00e4t huomiotta. Toimiiko ty\u00f6kalu suomeksi? Onko j\u00e4rke\u00e4 k\u00e4ytt\u00e4\u00e4 Suomeksi? Ilmoitetaanko hinta euroina vai paikallisina valuuttoina? Tallennetaanko tiedot EU:n alueella? N\u00e4m\u00e4 ovat peruskysymyksi\u00e4, joihin yksik\u00e4\u00e4n englanninkielinen arvostelusivusto ei vastaa.<\/p><\/div><\/div>\n\n\n\n<div class=\"wp-block-uagb-advanced-heading uagb-block-8d4b7a60 uag-hide-tab uag-hide-mob\"><p class=\"uagb-desc-text\">Artikkelit on kirjoitettu suomalaiset mielell\u00e4 pit\u00e4en. Mitk\u00e4 ohjelmat sopivat meille parhaiten!<\/p><\/div>\n\n\n\n<div class=\"wp-block-uagb-advanced-heading uagb-block-86594438 uag-hide-tab uag-hide-mob\"><p class=\"uagb-desc-text\">T\u00e4m\u00e4 sivusto on osa suomalaista Avoin Maailma OY:t\u00e4. Ansaitsemme tuloja affiliate-linkkien kautta. T\u00e4m\u00e4 ei koskaan vaikuta suosituksiimme, jos ty\u00f6kalu on paras vaihtoehto, mutta sill\u00e4 ei ole kumppaniohjelmaa, suosittelemme sit\u00e4 silti!<\/p><\/div>\n\n\n\n<p><strong>Kuinka arvioin ty\u00f6kaluja<\/strong><\/p>\n\n\n\n<ul class=\"wp-block-list\">\n<li>K\u00e4yt\u00e4nn\u00f6n testaaminen todellisen ty\u00f6n avulla, ei pintatason yleiskatsauksia.<\/li>\n\n\n\n<li>EU:n vaatimustenmukaisuustarkastukset jokaiselle tarkistetulle ty\u00f6kalulle<\/li>\n\n\n\n<li>\u00c4idinkielen\u00e4\u00e4n puhuvien suorittama paikallinen kielitestaus<\/li>\n\n\n\n<li>Rehelliset mielipiteet &#8211; jos ty\u00f6kalu ei ole tarpeeksi hyv\u00e4, se ei p\u00e4\u00e4se sivustolle.<\/li>\n<\/ul>\n\n\n\n<p><\/p>\n<\/div>\n<\/div><\/div>\n","protected":false},"excerpt":{"rendered":"<p>Artikkelit on kirjoitettu suomalaiset mielell\u00e4 pit\u00e4en. Mitk\u00e4 ohjelmat sopivat meille parhaiten! T\u00e4m\u00e4 sivusto on osa suomalaista Avoin Maailma OY:t\u00e4. Ansaitsemme tuloja affiliate-linkkien kautta. T\u00e4m\u00e4 ei koskaan vaikuta suosituksiimme, jos ty\u00f6kalu on paras vaihtoehto, mutta sill\u00e4 ei ole kumppaniohjelmaa, suosittelemme sit\u00e4 silti! Kuinka arvioin ty\u00f6kaluja<\/p>\n","protected":false},"author":1,"featured_media":0,"parent":0,"menu_order":0,"comment_status":"closed","ping_status":"closed","template":"","meta":{"_uag_custom_page_level_css":"","site-sidebar-layout":"no-sidebar","site-content-layout":"","ast-site-content-layout":"normal-width-container","site-content-style":"default","site-sidebar-style":"default","ast-global-header-display":"","ast-banner-title-visibility":"","ast-main-header-display":"","ast-hfb-above-header-display":"","ast-hfb-below-header-display":"","ast-hfb-mobile-header-display":"","site-post-title":"disabled","ast-breadcrumbs-content":"","ast-featured-img":"","footer-sml-layout":"","ast-disable-related-posts":"","theme-transparent-header-meta":"enabled","adv-header-id-meta":"","stick-header-meta":"","header-above-stick-meta":"","header-main-stick-meta":"","header-below-stick-meta":"","astra-migrate-meta-layouts":"default","ast-page-background-enabled":"default","ast-page-background-meta":{"desktop":{"background-color":"var(--ast-global-color-4)","background-image":"","background-repeat":"repeat","background-position":"center center","background-size":"auto","background-attachment":"scroll","background-type":"","background-media":"","overlay-type":"","overlay-color":"","overlay-opacity":"","overlay-gradient":""},"tablet":{"background-color":"","background-image":"","background-repeat":"repeat","background-position":"center center","background-size":"auto","background-attachment":"scroll","background-type":"","background-media":"","overlay-type":"","overlay-color":"","overlay-opacity":"","overlay-gradient":""},"mobile":{"background-color":"","background-image":"","background-repeat":"repeat","background-position":"center center","background-size":"auto","background-attachment":"scroll","background-type":"","background-media":"","overlay-type":"","overlay-color":"","overlay-opacity":"","overlay-gradient":""}},"ast-content-background-meta":{"desktop":{"background-color":"var(--ast-global-color-5)","background-image":"","background-repeat":"repeat","background-position":"center center","background-size":"auto","background-attachment":"scroll","background-type":"","background-media":"","overlay-type":"","overlay-color":"","overlay-opacity":"","overlay-gradient":""},"tablet":{"background-color":"var(--ast-global-color-5)","background-image":"","background-repeat":"repeat","background-position":"center center","background-size":"auto","background-attachment":"scroll","background-type":"","background-media":"","overlay-type":"","overlay-color":"","overlay-opacity":"","overlay-gradient":""},"mobile":{"background-color":"var(--ast-global-color-5)","background-image":"","background-repeat":"repeat","background-position":"center center","background-size":"auto","background-attachment":"scroll","background-type":"","background-media":"","overlay-type":"","overlay-color":"","overlay-opacity":"","overlay-gradient":""}},"footnotes":""},"class_list":["post-780","page","type-page","status-publish","hentry"],"uagb_featured_image_src":{"full":false,"thumbnail":false,"medium":false,"medium_large":false,"large":false,"1536x1536":false,"2048x2048":false},"uagb_author_info":{"display_name":"NordicAITools Team","author_link":"https:\/\/nordicaitools.com\/fi\/author\/nordik881\/"},"uagb_comment_info":0,"uagb_excerpt":"Artikkelit on kirjoitettu suomalaiset mielell\u00e4 pit\u00e4en. Mitk\u00e4 ohjelmat sopivat meille parhaiten! T\u00e4m\u00e4 sivusto on osa suomalaista Avoin Maailma OY:t\u00e4. Ansaitsemme tuloja affiliate-linkkien kautta. T\u00e4m\u00e4 ei koskaan vaikuta suosituksiimme, jos ty\u00f6kalu on paras vaihtoehto, mutta sill\u00e4 ei ole kumppaniohjelmaa, suosittelemme sit\u00e4 silti! Kuinka arvioin ty\u00f6kaluja","_links":{"self":[{"href":"https:\/\/nordicaitools.com\/fi\/wp-json\/wp\/v2\/pages\/780","targetHints":{"allow":["GET"]}}],"collection":[{"href":"https:\/\/nordicaitools.com\/fi\/wp-json\/wp\/v2\/pages"}],"about":[{"href":"https:\/\/nordicaitools.com\/fi\/wp-json\/wp\/v2\/types\/page"}],"author":[{"embeddable":true,"href":"https:\/\/nordicaitools.com\/fi\/wp-json\/wp\/v2\/users\/1"}],"replies":[{"embeddable":true,"href":"https:\/\/nordicaitools.com\/fi\/wp-json\/wp\/v2\/comments?post=780"}],"version-history":[{"count":14,"href":"https:\/\/nordicaitools.com\/fi\/wp-json\/wp\/v2\/pages\/780\/revisions"}],"predecessor-version":[{"id":855,"href":"https:\/\/nordicaitools.com\/fi\/wp-json\/wp\/v2\/pages\/780\/revisions\/855"}],"wp:attachment":[{"href":"https:\/\/nordicaitools.com\/fi\/wp-json\/wp\/v2\/media?parent=780"}],"curies":[{"name":"wp","href":"https:\/\/api.w.org\/{rel}","templated":true}]}}