{"id":766,"date":"2026-04-01T23:16:52","date_gmt":"2026-04-01T20:16:52","guid":{"rendered":"https:\/\/nordicaitools.com\/affiliate-disclosure\/"},"modified":"2026-04-29T20:41:20","modified_gmt":"2026-04-29T17:41:20","slug":"affiliate-disclosure","status":"publish","type":"page","link":"https:\/\/nordicaitools.com\/fi\/affiliate-disclosure\/","title":{"rendered":"Yhteiskumppaneista (affiliate)"},"content":{"rendered":"\n<p>NordicAITools tukee lukijoita.<\/p>\n\n<p>Jotkut t\u00e4m\u00e4n sivuston linkit ovat affiliate-linkkej\u00e4. Jos klikkaat ja teet ostoksen, saatamme ansaita palkkion ilman lis\u00e4kustannuksia sinulle.<\/p>\n\n<p>Suosittelemme vain ty\u00f6kaluja, joita olemme aidosti testanneet ja joiden uskomme olevan hy\u00f6dyllisi\u00e4 pohjoismaisille k\u00e4ytt\u00e4jille. Arvioinnissamme k\u00e4sitell\u00e4\u00e4n paikallisen kielen tukea, eurom\u00e4\u00e4r\u00e4ist\u00e4 hinnoittelua, EU:n tietosuojavaatimusten noudattamista ja reaalimaailman k\u00e4ytett\u00e4vyytt\u00e4 suomalaisille, ruotsalaisille, norjalaisille, tanskalaisille ja islantilaisille k\u00e4ytt\u00e4jille.<\/p>\n\n<p>Kumppanuussuhteet eiv\u00e4t koskaan vaikuta arvosteluihimme tai suosituksiimme.<\/p>\n\n<p>Kysymyksi\u00e4 voi esitt\u00e4\u00e4 osoitteessa: nordicaitools@proton.me<\/p>\n","protected":false},"excerpt":{"rendered":"<p>NordicAITools tukee lukijoita. Jotkut t\u00e4m\u00e4n sivuston linkit ovat affiliate-linkkej\u00e4. Jos klikkaat ja teet ostoksen, saatamme ansaita palkkion ilman lis\u00e4kustannuksia sinulle. Suosittelemme vain ty\u00f6kaluja, joita olemme aidosti testanneet ja joiden uskomme olevan hy\u00f6dyllisi\u00e4 pohjoismaisille k\u00e4ytt\u00e4jille. Arvioinnissamme k\u00e4sitell\u00e4\u00e4n paikallisen kielen tukea, eurom\u00e4\u00e4r\u00e4ist\u00e4 hinnoittelua, EU:n tietosuojavaatimusten noudattamista ja reaalimaailman k\u00e4ytett\u00e4vyytt\u00e4 suomalaisille, ruotsalaisille, norjalaisille, tanskalaisille ja islantilaisille k\u00e4ytt\u00e4jille. Kumppanuussuhteet [&hellip;]<\/p>\n","protected":false},"author":1,"featured_media":0,"parent":0,"menu_order":0,"comment_status":"closed","ping_status":"closed","template":"","meta":{"_uag_custom_page_level_css":"","site-sidebar-layout":"default","site-content-layout":"","ast-site-content-layout":"default","site-content-style":"default","site-sidebar-style":"default","ast-global-header-display":"","ast-banner-title-visibility":"","ast-main-header-display":"","ast-hfb-above-header-display":"","ast-hfb-below-header-display":"","ast-hfb-mobile-header-display":"","site-post-title":"","ast-breadcrumbs-content":"","ast-featured-img":"","footer-sml-layout":"","ast-disable-related-posts":"","theme-transparent-header-meta":"","adv-header-id-meta":"","stick-header-meta":"","header-above-stick-meta":"","header-main-stick-meta":"","header-below-stick-meta":"","astra-migrate-meta-layouts":"default","ast-page-background-enabled":"default","ast-page-background-meta":{"desktop":{"background-color":"var(--ast-global-color-4)","background-image":"","background-repeat":"repeat","background-position":"center center","background-size":"auto","background-attachment":"scroll","background-type":"","background-media":"","overlay-type":"","overlay-color":"","overlay-opacity":"","overlay-gradient":""},"tablet":{"background-color":"","background-image":"","background-repeat":"repeat","background-position":"center center","background-size":"auto","background-attachment":"scroll","background-type":"","background-media":"","overlay-type":"","overlay-color":"","overlay-opacity":"","overlay-gradient":""},"mobile":{"background-color":"","background-image":"","background-repeat":"repeat","background-position":"center center","background-size":"auto","background-attachment":"scroll","background-type":"","background-media":"","overlay-type":"","overlay-color":"","overlay-opacity":"","overlay-gradient":""}},"ast-content-background-meta":{"desktop":{"background-color":"var(--ast-global-color-5)","background-image":"","background-repeat":"repeat","background-position":"center center","background-size":"auto","background-attachment":"scroll","background-type":"","background-media":"","overlay-type":"","overlay-color":"","overlay-opacity":"","overlay-gradient":""},"tablet":{"background-color":"var(--ast-global-color-5)","background-image":"","background-repeat":"repeat","background-position":"center center","background-size":"auto","background-attachment":"scroll","background-type":"","background-media":"","overlay-type":"","overlay-color":"","overlay-opacity":"","overlay-gradient":""},"mobile":{"background-color":"var(--ast-global-color-5)","background-image":"","background-repeat":"repeat","background-position":"center center","background-size":"auto","background-attachment":"scroll","background-type":"","background-media":"","overlay-type":"","overlay-color":"","overlay-opacity":"","overlay-gradient":""}},"footnotes":""},"class_list":["post-766","page","type-page","status-publish","hentry"],"uagb_featured_image_src":{"full":false,"thumbnail":false,"medium":false,"medium_large":false,"large":false,"1536x1536":false,"2048x2048":false},"uagb_author_info":{"display_name":"NordicAITools Team","author_link":"https:\/\/nordicaitools.com\/fi\/author\/nordik881\/"},"uagb_comment_info":0,"uagb_excerpt":"NordicAITools tukee lukijoita. Jotkut t\u00e4m\u00e4n sivuston linkit ovat affiliate-linkkej\u00e4. Jos klikkaat ja teet ostoksen, saatamme ansaita palkkion ilman lis\u00e4kustannuksia sinulle. Suosittelemme vain ty\u00f6kaluja, joita olemme aidosti testanneet ja joiden uskomme olevan hy\u00f6dyllisi\u00e4 pohjoismaisille k\u00e4ytt\u00e4jille. Arvioinnissamme k\u00e4sitell\u00e4\u00e4n paikallisen kielen tukea, eurom\u00e4\u00e4r\u00e4ist\u00e4 hinnoittelua, EU:n tietosuojavaatimusten noudattamista ja reaalimaailman k\u00e4ytett\u00e4vyytt\u00e4 suomalaisille, ruotsalaisille, norjalaisille, tanskalaisille ja islantilaisille k\u00e4ytt\u00e4jille. Kumppanuussuhteet&hellip;","_links":{"self":[{"href":"https:\/\/nordicaitools.com\/fi\/wp-json\/wp\/v2\/pages\/766","targetHints":{"allow":["GET"]}}],"collection":[{"href":"https:\/\/nordicaitools.com\/fi\/wp-json\/wp\/v2\/pages"}],"about":[{"href":"https:\/\/nordicaitools.com\/fi\/wp-json\/wp\/v2\/types\/page"}],"author":[{"embeddable":true,"href":"https:\/\/nordicaitools.com\/fi\/wp-json\/wp\/v2\/users\/1"}],"replies":[{"embeddable":true,"href":"https:\/\/nordicaitools.com\/fi\/wp-json\/wp\/v2\/comments?post=766"}],"version-history":[{"count":6,"href":"https:\/\/nordicaitools.com\/fi\/wp-json\/wp\/v2\/pages\/766\/revisions"}],"predecessor-version":[{"id":833,"href":"https:\/\/nordicaitools.com\/fi\/wp-json\/wp\/v2\/pages\/766\/revisions\/833"}],"wp:attachment":[{"href":"https:\/\/nordicaitools.com\/fi\/wp-json\/wp\/v2\/media?parent=766"}],"curies":[{"name":"wp","href":"https:\/\/api.w.org\/{rel}","templated":true}]}}