{"id":762,"date":"2026-03-17T14:44:09","date_gmt":"2026-03-17T12:44:09","guid":{"rendered":"https:\/\/nordicaitools.com\/arvostelut\/"},"modified":"2026-04-29T20:30:56","modified_gmt":"2026-04-29T17:30:56","slug":"arvostelut","status":"publish","type":"page","link":"https:\/\/nordicaitools.com\/fi\/arvostelut\/","title":{"rendered":"Arvostelut"},"content":{"rendered":"\n<div class=\"wp-block-uagb-container uagb-block-65a8e191 alignfull uagb-is-root-container\"><div class=\"uagb-container-inner-blocks-wrap\">\n<div class=\"wp-block-uagb-info-box uagb-block-e42f1764 uagb-infobox__content-wrap  uagb-infobox-icon-above-title uagb-infobox-image-valign-top\"><div class=\"uagb-ifb-content\"><div class=\"uagb-ifb-title-wrap\"><h1 class=\"uagb-ifb-title-prefix\">Tutustu parhaisiin teko\u00e4lyty\u00f6kaluihin<\/h1><p class=\"uagb-ifb-title\">Suomalaisille k\u00e4ytt\u00e4jille, rehellisiin arvosteluihin ja vertailuihin perustuen.<\/p><\/div><\/div><\/div>\n<\/div><\/div>\n\n<div class=\"wp-block-uagb-container uagb-block-3dc14cc0 alignfull uagb-is-root-container\"><div class=\"uagb-container-inner-blocks-wrap\">\n\t\t\t<div class=\"wp-block-uagb-post-grid uagb-post-grid  uagb-post__image-position-top uagb-post__image-enabled uagb-block-f90b8cbe     uagb-post__items uagb-post__columns-3 is-grid uagb-post__columns-tablet-3 uagb-post__columns-mobile-1 uagb-post__equal-height\" data-total=\"1\" style=\"\">\n\n\t\t\t\t\t\t\t\t\t\t\t\t<article class=\"uagb-post__inner-wrap\">\t\t\t\t\t\t\t\t<div class='uagb-post__image'>\n\t\t\t\t\t\t\t\t\t<a href=\"https:\/\/nordicaitools.com\/fi\/mika-on-chatgpt-milloin-sita-kaytetaan\/\" target=\"_self\" rel=\"bookmark noopener noreferrer\" class='uagb-image-ratio-1-1'><img loading=\"lazy\" decoding=\"async\" width=\"1200\" height=\"562\" src=\"https:\/\/nordicaitools.com\/wp-content\/uploads\/2026\/04\/chatgpt-mindtoday.webp\" class=\"attachment-full size-full\" alt=\"\" srcset=\"https:\/\/nordicaitools.com\/wp-content\/uploads\/2026\/04\/chatgpt-mindtoday.webp 1200w, https:\/\/nordicaitools.com\/wp-content\/uploads\/2026\/04\/chatgpt-mindtoday-300x141.webp 300w, https:\/\/nordicaitools.com\/wp-content\/uploads\/2026\/04\/chatgpt-mindtoday-1024x480.webp 1024w, https:\/\/nordicaitools.com\/wp-content\/uploads\/2026\/04\/chatgpt-mindtoday-768x360.webp 768w\" sizes=\"auto, (max-width: 1200px) 100vw, 1200px\" \/>\t\t\t\t\t<\/a>\n\t\t\t\t\t\t\t<\/div>\n\t\t\t\t\t\t<h2 class=\"uagb-post__title uagb-post__text\">\n\t\t\t\t<a href=\"https:\/\/nordicaitools.com\/fi\/mika-on-chatgpt-milloin-sita-kaytetaan\/\" target=\"_self\" rel=\"bookmark noopener noreferrer\">Mik\u00e4 on ChatGPT? Milloin sit\u00e4 k\u00e4ytet\u00e4\u00e4n?<\/a>\n\t\t\t<\/h2>\n\t\t\t\t\t\t<div class='uagb-post__text uagb-post-grid-byline'>\n\t\t\t\t\t\t\t<\/div>\n\t\t\t\t\t\t\t<div class='uagb-post__text uagb-post__excerpt'>\n\t\t\t\t\t<p>Tietoja ChatGPT:st\u00e4 ChatGPT on teko\u00e4lyavustaja, jonka on kehitt\u00e4nyt San Franciscossa toimiva teko\u00e4lyyritys OpenAI. Se julkaistiin&#8230;\t\t\t\t<\/div>\n\t\t\t\t\t\t<div class=\"uagb-post__text uagb-post__cta wp-block-button\">\n\t\t\t\t<a class=\"wp-block-button__link uagb-text-link\" style=\"\" href=\"https:\/\/nordicaitools.com\/fi\/mika-on-chatgpt-milloin-sita-kaytetaan\/\" target=\"_self\" rel=\"bookmark noopener noreferrer\">Jatka lukemista<\/a>\n\t\t\t<\/div>\n\t\t\t\n\t\t\t\t\t\t\t\t\t<\/article>\n\t\t\t\t\t\t\t\t\t\t\t\t\t\t\t\t<article class=\"uagb-post__inner-wrap\">\t\t\t\t\t\t\t\t<div class='uagb-post__image'>\n\t\t\t\t\t\t\t\t\t<a href=\"https:\/\/nordicaitools.com\/fi\/mika-claude-on-milloin-sita-kaytetaan\/\" target=\"_self\" rel=\"bookmark noopener noreferrer\" class='uagb-image-ratio-1-1'><img loading=\"lazy\" decoding=\"async\" width=\"1200\" height=\"590\" src=\"https:\/\/nordicaitools.com\/wp-content\/uploads\/2026\/04\/how-Claude-looks.webp\" class=\"attachment-full size-full\" alt=\"\" srcset=\"https:\/\/nordicaitools.com\/wp-content\/uploads\/2026\/04\/how-Claude-looks.webp 1200w, https:\/\/nordicaitools.com\/wp-content\/uploads\/2026\/04\/how-Claude-looks-300x148.webp 300w, https:\/\/nordicaitools.com\/wp-content\/uploads\/2026\/04\/how-Claude-looks-1024x503.webp 1024w, https:\/\/nordicaitools.com\/wp-content\/uploads\/2026\/04\/how-Claude-looks-768x378.webp 768w\" sizes=\"auto, (max-width: 1200px) 100vw, 1200px\" \/>\t\t\t\t\t<\/a>\n\t\t\t\t\t\t\t<\/div>\n\t\t\t\t\t\t<h2 class=\"uagb-post__title uagb-post__text\">\n\t\t\t\t<a href=\"https:\/\/nordicaitools.com\/fi\/mika-claude-on-milloin-sita-kaytetaan\/\" target=\"_self\" rel=\"bookmark noopener noreferrer\">Mik\u00e4 Claude on? Milloin sit\u00e4 k\u00e4ytet\u00e4\u00e4n?<\/a>\n\t\t\t<\/h2>\n\t\t\t\t\t\t<div class='uagb-post__text uagb-post-grid-byline'>\n\t\t\t\t\t\t\t<\/div>\n\t\t\t\t\t\t\t<div class='uagb-post__text uagb-post__excerpt'>\n\t\t\t\t\t<p>Tietoa Claudesta Claude on teko\u00e4lyavustaja, jonka on kehitt\u00e4nyt San Franciscossa toimiva teko\u00e4lyturvallisuusyritys Anthropic. Voit ajatella,&#8230;\t\t\t\t<\/div>\n\t\t\t\t\t\t<div class=\"uagb-post__text uagb-post__cta wp-block-button\">\n\t\t\t\t<a class=\"wp-block-button__link uagb-text-link\" style=\"\" href=\"https:\/\/nordicaitools.com\/fi\/mika-claude-on-milloin-sita-kaytetaan\/\" target=\"_self\" rel=\"bookmark noopener noreferrer\">Jatka lukemista<\/a>\n\t\t\t<\/div>\n\t\t\t\n\t\t\t\t\t\t\t\t\t<\/article>\n\t\t\t\t\t\t\t\t\t\t\t\t\t\t\t\t<article class=\"uagb-post__inner-wrap\">\t\t\t\t\t\t\t\t<div class='uagb-post__image'>\n\t\t\t\t\t\t\t\t\t<a href=\"https:\/\/nordicaitools.com\/fi\/midjourney-2026-ostajan-opas-suomalaiselle-yritykselle\/\" target=\"_self\" rel=\"bookmark noopener noreferrer\" class='uagb-image-ratio-1-1'><img loading=\"lazy\" decoding=\"async\" width=\"928\" height=\"1232\" src=\"https:\/\/nordicaitools.com\/wp-content\/uploads\/2026\/03\/Kissa-ja-Koira-1.png\" class=\"attachment-full size-full\" alt=\"kissa ja koira 1 midjourney\" srcset=\"https:\/\/nordicaitools.com\/wp-content\/uploads\/2026\/03\/Kissa-ja-Koira-1.png 928w, https:\/\/nordicaitools.com\/wp-content\/uploads\/2026\/03\/Kissa-ja-Koira-1-226x300.png 226w, https:\/\/nordicaitools.com\/wp-content\/uploads\/2026\/03\/Kissa-ja-Koira-1-771x1024.png 771w, https:\/\/nordicaitools.com\/wp-content\/uploads\/2026\/03\/Kissa-ja-Koira-1-768x1020.png 768w\" sizes=\"auto, (max-width: 928px) 100vw, 928px\" \/>\t\t\t\t\t<\/a>\n\t\t\t\t\t\t\t<\/div>\n\t\t\t\t\t\t<h2 class=\"uagb-post__title uagb-post__text\">\n\t\t\t\t<a href=\"https:\/\/nordicaitools.com\/fi\/midjourney-2026-ostajan-opas-suomalaiselle-yritykselle\/\" target=\"_self\" rel=\"bookmark noopener noreferrer\">Midjourney 2026: Ostajan opas suomalaiselle yritykselle<\/a>\n\t\t\t<\/h2>\n\t\t\t\t\t\t<div class='uagb-post__text uagb-post-grid-byline'>\n\t\t\t\t\t\t\t<\/div>\n\t\t\t\t\t\t\t<div class='uagb-post__text uagb-post__excerpt'>\n\t\t\t\t\t<p>Rehellinen arvio hinnoittelusta, tietosuojasta ja siit\u00e4, milloin ty\u00f6kalu on oikeasti liiketoiminnallisesti perusteltu PIKAYHTEENVETO \u2014 lue&#8230;\t\t\t\t<\/div>\n\t\t\t\t\t\t<div class=\"uagb-post__text uagb-post__cta wp-block-button\">\n\t\t\t\t<a class=\"wp-block-button__link uagb-text-link\" style=\"\" href=\"https:\/\/nordicaitools.com\/fi\/midjourney-2026-ostajan-opas-suomalaiselle-yritykselle\/\" target=\"_self\" rel=\"bookmark noopener noreferrer\">Jatka lukemista<\/a>\n\t\t\t<\/div>\n\t\t\t\n\t\t\t\t\t\t\t\t\t<\/article>\n\t\t\t\t\t\t\t\t\t\t\t<\/div>\n\t\t\t<\/div><\/div>\n","protected":false},"excerpt":{"rendered":"","protected":false},"author":1,"featured_media":0,"parent":0,"menu_order":0,"comment_status":"closed","ping_status":"closed","template":"","meta":{"_uag_custom_page_level_css":"","site-sidebar-layout":"no-sidebar","site-content-layout":"","ast-site-content-layout":"normal-width-container","site-content-style":"default","site-sidebar-style":"default","ast-global-header-display":"","ast-banner-title-visibility":"","ast-main-header-display":"","ast-hfb-above-header-display":"","ast-hfb-below-header-display":"","ast-hfb-mobile-header-display":"","site-post-title":"disabled","ast-breadcrumbs-content":"","ast-featured-img":"","footer-sml-layout":"","ast-disable-related-posts":"","theme-transparent-header-meta":"enabled","adv-header-id-meta":"","stick-header-meta":"","header-above-stick-meta":"","header-main-stick-meta":"","header-below-stick-meta":"","astra-migrate-meta-layouts":"default","ast-page-background-enabled":"default","ast-page-background-meta":{"desktop":{"background-color":"var(--ast-global-color-4)","background-image":"","background-repeat":"repeat","background-position":"center center","background-size":"auto","background-attachment":"scroll","background-type":"","background-media":"","overlay-type":"","overlay-color":"","overlay-opacity":"","overlay-gradient":""},"tablet":{"background-color":"","background-image":"","background-repeat":"repeat","background-position":"center center","background-size":"auto","background-attachment":"scroll","background-type":"","background-media":"","overlay-type":"","overlay-color":"","overlay-opacity":"","overlay-gradient":""},"mobile":{"background-color":"","background-image":"","background-repeat":"repeat","background-position":"center center","background-size":"auto","background-attachment":"scroll","background-type":"","background-media":"","overlay-type":"","overlay-color":"","overlay-opacity":"","overlay-gradient":""}},"ast-content-background-meta":{"desktop":{"background-color":"var(--ast-global-color-5)","background-image":"","background-repeat":"repeat","background-position":"center center","background-size":"auto","background-attachment":"scroll","background-type":"","background-media":"","overlay-type":"","overlay-color":"","overlay-opacity":"","overlay-gradient":""},"tablet":{"background-color":"var(--ast-global-color-5)","background-image":"","background-repeat":"repeat","background-position":"center center","background-size":"auto","background-attachment":"scroll","background-type":"","background-media":"","overlay-type":"","overlay-color":"","overlay-opacity":"","overlay-gradient":""},"mobile":{"background-color":"var(--ast-global-color-5)","background-image":"","background-repeat":"repeat","background-position":"center center","background-size":"auto","background-attachment":"scroll","background-type":"","background-media":"","overlay-type":"","overlay-color":"","overlay-opacity":"","overlay-gradient":""}},"footnotes":""},"class_list":["post-762","page","type-page","status-publish","hentry"],"uagb_featured_image_src":{"full":false,"thumbnail":false,"medium":false,"medium_large":false,"large":false,"1536x1536":false,"2048x2048":false},"uagb_author_info":{"display_name":"NordicAITools Team","author_link":"https:\/\/nordicaitools.com\/fi\/author\/nordik881\/"},"uagb_comment_info":0,"uagb_excerpt":null,"_links":{"self":[{"href":"https:\/\/nordicaitools.com\/fi\/wp-json\/wp\/v2\/pages\/762","targetHints":{"allow":["GET"]}}],"collection":[{"href":"https:\/\/nordicaitools.com\/fi\/wp-json\/wp\/v2\/pages"}],"about":[{"href":"https:\/\/nordicaitools.com\/fi\/wp-json\/wp\/v2\/types\/page"}],"author":[{"embeddable":true,"href":"https:\/\/nordicaitools.com\/fi\/wp-json\/wp\/v2\/users\/1"}],"replies":[{"embeddable":true,"href":"https:\/\/nordicaitools.com\/fi\/wp-json\/wp\/v2\/comments?post=762"}],"version-history":[{"count":9,"href":"https:\/\/nordicaitools.com\/fi\/wp-json\/wp\/v2\/pages\/762\/revisions"}],"predecessor-version":[{"id":816,"href":"https:\/\/nordicaitools.com\/fi\/wp-json\/wp\/v2\/pages\/762\/revisions\/816"}],"wp:attachment":[{"href":"https:\/\/nordicaitools.com\/fi\/wp-json\/wp\/v2\/media?parent=762"}],"curies":[{"name":"wp","href":"https:\/\/api.w.org\/{rel}","templated":true}]}}