{"id":906,"date":"2026-03-17T14:44:08","date_gmt":"2026-03-17T12:44:08","guid":{"rendered":"https:\/\/nordicaitools.com\/omkring\/"},"modified":"2026-05-05T15:32:11","modified_gmt":"2026-05-05T12:32:11","slug":"omkring","status":"publish","type":"page","link":"https:\/\/nordicaitools.com\/da\/omkring\/","title":{"rendered":"Omkring"},"content":{"rendered":"\n<div class=\"wp-block-uagb-container uagb-block-65a8e191 alignfull uagb-is-root-container\"><div class=\"uagb-container-inner-blocks-wrap\">\n<div class=\"wp-block-uagb-info-box uagb-block-e42f1764 uagb-infobox__content-wrap  uagb-infobox-icon-above-title uagb-infobox-image-valign-top\"><div class=\"uagb-ifb-content\"><div class=\"uagb-ifb-title-wrap\"><h1 class=\"uagb-ifb-title-prefix\">Styrker nordiske virksomheder med AI-indsigt<\/h1><p class=\"uagb-ifb-title\">Oplev rejsen med Nordic AI Tools. Hj\u00e6lper lokale virksomheder med at v\u00e6lge de rigtige AI-v\u00e6rkt\u00f8jer til deres behov.<\/p><\/div><\/div><\/div>\n<\/div><\/div>\n\n<div class=\"wp-block-uagb-container uagb-block-1f113e62 alignfull uagb-is-root-container\"><div class=\"uagb-container-inner-blocks-wrap\">\n<div class=\"wp-block-uagb-container uagb-block-c7fbc965\">\n<div class=\"wp-block-uagb-image alignleft uagb-block-a91340b0 wp-block-uagb-image--layout-default wp-block-uagb-image--effect-static wp-block-uagb-image--align-left\"><figure class=\"wp-block-uagb-image__figure\"><img decoding=\"async\" srcset=\"https:\/\/nordicaitools.com\/wp-content\/uploads\/2026\/03\/finnish-lake-district-aerial-03.webp ,https:\/\/nordicaitools.com\/wp-content\/uploads\/2026\/03\/finnish-lake-district-aerial-03.webp 780w, https:\/\/nordicaitools.com\/wp-content\/uploads\/2026\/03\/finnish-lake-district-aerial-03.webp 360w\" sizes=\"auto, (max-width: 480px) 150px\" src=\"https:\/\/nordicaitools.com\/wp-content\/uploads\/2026\/03\/finnish-lake-district-aerial-03.webp\" alt=\"\" class=\"uag-image-13\" width=\"360\" height=\"450\" title=\"\" loading=\"lazy\" role=\"img\"><\/figure><\/div>\n<\/div>\n\n\n\n<div class=\"wp-block-uagb-container uagb-block-7efbd0d8\">\n<div class=\"wp-block-uagb-info-box uagb-block-1da524b8 uagb-infobox__content-wrap  uagb-infobox-icon-above-title uagb-infobox-image-valign-top\"><div class=\"uagb-ifb-content\"><div class=\"uagb-ifb-title-wrap\"><h2 class=\"uagb-ifb-title\">Nordic AI Tools er en uafh\u00e6ngig anmeldelsesside, der d\u00e6kker AI-v\u00e6rkt\u00f8jer til brugere i Finland, Sverige, Norge, Danmark og Island.<\/h2><\/div><p class=\"uagb-ifb-desc\">Jeg hedder Marko og bor i Finland. Jeg byggede denne side, fordi nordiske brugere har specifikke behov, som globale anmeldelsessider ignorerer. Fungerer v\u00e6rkt\u00f8jet p\u00e5 finsk? Er der svensk sprogst\u00f8tte? Er prisen i EUR eller lokal valuta? Er dataene lagret inden for EU? Det er grundl\u00e6ggende sp\u00f8rgsm\u00e5l, som ingen engelsksprogede anmeldelsessider besvarer.<\/p><\/div><\/div>\n\n\n\n<div class=\"wp-block-uagb-advanced-heading uagb-block-8d4b7a60 uag-hide-tab uag-hide-mob\"><p class=\"uagb-desc-text\">Hver anmeldelse skrives f\u00f8rst p\u00e5 engelsk og lokaliseres derefter til de nordiske sprog af personer med det p\u00e5g\u00e6ldende land som modersm\u00e5l, som tilf\u00f8jer lokal kontekst &#8211; prisforventninger, lokale alternativer og markedsspecifik indsigt, som kun en person fra det p\u00e5g\u00e6ldende land ville kende.<\/p><\/div>\n\n\n\n<div class=\"wp-block-uagb-advanced-heading uagb-block-86594438 uag-hide-tab uag-hide-mob\"><p class=\"uagb-desc-text\">Dette websted er en del af Avoin Maailma OY, en finsk virksomhed. Vi tjener penge p\u00e5 affiliate-links. Det p\u00e5virker aldrig vores anbefalinger &#8211; hvis et v\u00e6rkt\u00f8j er den bedste l\u00f8sning, men ikke har noget affiliate-program, anbefaler vi det stadig.<\/p><\/div>\n\n\n\n<p><strong>S\u00e5dan anmelder jeg v\u00e6rkt\u00f8jer<\/strong><\/p>\n\n\n\n<ul class=\"wp-block-list\">\n<li>Praktisk testning med rigtigt arbejde, ikke oversigter p\u00e5 overfladen<\/li>\n\n\n\n<li>Kontrol af EU-overensstemmelse for hvert gennemg\u00e5et v\u00e6rkt\u00f8j<\/li>\n\n\n\n<li>Lokal sprogtestning af modersm\u00e5lstalende<\/li>\n\n\n\n<li>\u00c6rlige meninger &#8211; hvis et v\u00e6rkt\u00f8j ikke er godt nok, kommer det ikke med p\u00e5 siden<\/li>\n<\/ul>\n\n\n\n<p><\/p>\n<\/div>\n<\/div><\/div>\n","protected":false},"excerpt":{"rendered":"<p>Hver anmeldelse skrives f\u00f8rst p\u00e5 engelsk og lokaliseres derefter til de nordiske sprog af personer med det p\u00e5g\u00e6ldende land som modersm\u00e5l, som tilf\u00f8jer lokal kontekst &#8211; prisforventninger, lokale alternativer og markedsspecifik indsigt, som kun en person fra det p\u00e5g\u00e6ldende land ville kende. Dette websted er en del af Avoin Maailma OY, en finsk virksomhed. Vi [&hellip;]<\/p>\n","protected":false},"author":1,"featured_media":0,"parent":0,"menu_order":0,"comment_status":"closed","ping_status":"closed","template":"","meta":{"_uag_custom_page_level_css":"","site-sidebar-layout":"no-sidebar","site-content-layout":"","ast-site-content-layout":"normal-width-container","site-content-style":"default","site-sidebar-style":"default","ast-global-header-display":"","ast-banner-title-visibility":"","ast-main-header-display":"","ast-hfb-above-header-display":"","ast-hfb-below-header-display":"","ast-hfb-mobile-header-display":"","site-post-title":"disabled","ast-breadcrumbs-content":"","ast-featured-img":"","footer-sml-layout":"","ast-disable-related-posts":"","theme-transparent-header-meta":"enabled","adv-header-id-meta":"","stick-header-meta":"","header-above-stick-meta":"","header-main-stick-meta":"","header-below-stick-meta":"","astra-migrate-meta-layouts":"default","ast-page-background-enabled":"default","ast-page-background-meta":{"desktop":{"background-color":"var(--ast-global-color-4)","background-image":"","background-repeat":"repeat","background-position":"center center","background-size":"auto","background-attachment":"scroll","background-type":"","background-media":"","overlay-type":"","overlay-color":"","overlay-opacity":"","overlay-gradient":""},"tablet":{"background-color":"","background-image":"","background-repeat":"repeat","background-position":"center center","background-size":"auto","background-attachment":"scroll","background-type":"","background-media":"","overlay-type":"","overlay-color":"","overlay-opacity":"","overlay-gradient":""},"mobile":{"background-color":"","background-image":"","background-repeat":"repeat","background-position":"center center","background-size":"auto","background-attachment":"scroll","background-type":"","background-media":"","overlay-type":"","overlay-color":"","overlay-opacity":"","overlay-gradient":""}},"ast-content-background-meta":{"desktop":{"background-color":"var(--ast-global-color-5)","background-image":"","background-repeat":"repeat","background-position":"center center","background-size":"auto","background-attachment":"scroll","background-type":"","background-media":"","overlay-type":"","overlay-color":"","overlay-opacity":"","overlay-gradient":""},"tablet":{"background-color":"var(--ast-global-color-5)","background-image":"","background-repeat":"repeat","background-position":"center center","background-size":"auto","background-attachment":"scroll","background-type":"","background-media":"","overlay-type":"","overlay-color":"","overlay-opacity":"","overlay-gradient":""},"mobile":{"background-color":"var(--ast-global-color-5)","background-image":"","background-repeat":"repeat","background-position":"center center","background-size":"auto","background-attachment":"scroll","background-type":"","background-media":"","overlay-type":"","overlay-color":"","overlay-opacity":"","overlay-gradient":""}},"footnotes":""},"class_list":["post-906","page","type-page","status-publish","hentry"],"uagb_featured_image_src":{"full":false,"thumbnail":false,"medium":false,"medium_large":false,"large":false,"1536x1536":false,"2048x2048":false},"uagb_author_info":{"display_name":"NordicAITools Team","author_link":"https:\/\/nordicaitools.com\/da\/author\/nordik881\/"},"uagb_comment_info":0,"uagb_excerpt":"Hver anmeldelse skrives f\u00f8rst p\u00e5 engelsk og lokaliseres derefter til de nordiske sprog af personer med det p\u00e5g\u00e6ldende land som modersm\u00e5l, som tilf\u00f8jer lokal kontekst &#8211; prisforventninger, lokale alternativer og markedsspecifik indsigt, som kun en person fra det p\u00e5g\u00e6ldende land ville kende. Dette websted er en del af Avoin Maailma OY, en finsk virksomhed. Vi&hellip;","_links":{"self":[{"href":"https:\/\/nordicaitools.com\/da\/wp-json\/wp\/v2\/pages\/906","targetHints":{"allow":["GET"]}}],"collection":[{"href":"https:\/\/nordicaitools.com\/da\/wp-json\/wp\/v2\/pages"}],"about":[{"href":"https:\/\/nordicaitools.com\/da\/wp-json\/wp\/v2\/types\/page"}],"author":[{"embeddable":true,"href":"https:\/\/nordicaitools.com\/da\/wp-json\/wp\/v2\/users\/1"}],"replies":[{"embeddable":true,"href":"https:\/\/nordicaitools.com\/da\/wp-json\/wp\/v2\/comments?post=906"}],"version-history":[{"count":5,"href":"https:\/\/nordicaitools.com\/da\/wp-json\/wp\/v2\/pages\/906\/revisions"}],"predecessor-version":[{"id":912,"href":"https:\/\/nordicaitools.com\/da\/wp-json\/wp\/v2\/pages\/906\/revisions\/912"}],"wp:attachment":[{"href":"https:\/\/nordicaitools.com\/da\/wp-json\/wp\/v2\/media?parent=906"}],"curies":[{"name":"wp","href":"https:\/\/api.w.org\/{rel}","templated":true}]}}