{"id":857,"date":"2026-04-01T23:16:52","date_gmt":"2026-04-01T20:16:52","guid":{"rendered":"https:\/\/nordicaitools.com\/oplysning-om-tilknyttede-virksomheder\/"},"modified":"2026-05-05T15:31:59","modified_gmt":"2026-05-05T12:31:59","slug":"oplysning-om-tilknyttede-virksomheder","status":"publish","type":"page","link":"https:\/\/nordicaitools.com\/da\/oplysning-om-tilknyttede-virksomheder\/","title":{"rendered":"Oplysning om tilknyttede virksomheder"},"content":{"rendered":"\n<p>NordicAITools er l\u00e6serunderst\u00f8ttet.<\/p>\n\n<p>Nogle links p\u00e5 denne side er affiliate-links. Hvis du klikker dig videre og foretager et k\u00f8b, kan vi tjene en kommission uden ekstra omkostninger for dig.<\/p>\n\n<p>Vi anbefaler kun v\u00e6rkt\u00f8jer, som vi virkelig har testet, og som vi mener er nyttige for nordiske brugere. Vores anmeldelser d\u00e6kker underst\u00f8ttelse af lokale sprog, priser i euro, overholdelse af EU-data og brugervenlighed i den virkelige verden for finske, svenske, norske, danske og islandske brugere.<\/p>\n\n<p>Affiliate-relationer p\u00e5virker aldrig vores anmeldelser eller anbefalinger.<\/p>\n\n<p>For sp\u00f8rgsm\u00e5l kontakt: nordicaitools@proton.me<\/p>\n","protected":false},"excerpt":{"rendered":"<p>NordicAITools er l\u00e6serunderst\u00f8ttet. Nogle links p\u00e5 denne side er affiliate-links. Hvis du klikker dig videre og foretager et k\u00f8b, kan vi tjene en kommission uden ekstra omkostninger for dig. Vi anbefaler kun v\u00e6rkt\u00f8jer, som vi virkelig har testet, og som vi mener er nyttige for nordiske brugere. Vores anmeldelser d\u00e6kker underst\u00f8ttelse af lokale sprog, priser [&hellip;]<\/p>\n","protected":false},"author":1,"featured_media":0,"parent":0,"menu_order":0,"comment_status":"closed","ping_status":"closed","template":"","meta":{"_uag_custom_page_level_css":"","site-sidebar-layout":"default","site-content-layout":"","ast-site-content-layout":"default","site-content-style":"default","site-sidebar-style":"default","ast-global-header-display":"","ast-banner-title-visibility":"","ast-main-header-display":"","ast-hfb-above-header-display":"","ast-hfb-below-header-display":"","ast-hfb-mobile-header-display":"","site-post-title":"","ast-breadcrumbs-content":"","ast-featured-img":"","footer-sml-layout":"","ast-disable-related-posts":"","theme-transparent-header-meta":"","adv-header-id-meta":"","stick-header-meta":"","header-above-stick-meta":"","header-main-stick-meta":"","header-below-stick-meta":"","astra-migrate-meta-layouts":"default","ast-page-background-enabled":"default","ast-page-background-meta":{"desktop":{"background-color":"var(--ast-global-color-4)","background-image":"","background-repeat":"repeat","background-position":"center center","background-size":"auto","background-attachment":"scroll","background-type":"","background-media":"","overlay-type":"","overlay-color":"","overlay-opacity":"","overlay-gradient":""},"tablet":{"background-color":"","background-image":"","background-repeat":"repeat","background-position":"center center","background-size":"auto","background-attachment":"scroll","background-type":"","background-media":"","overlay-type":"","overlay-color":"","overlay-opacity":"","overlay-gradient":""},"mobile":{"background-color":"","background-image":"","background-repeat":"repeat","background-position":"center center","background-size":"auto","background-attachment":"scroll","background-type":"","background-media":"","overlay-type":"","overlay-color":"","overlay-opacity":"","overlay-gradient":""}},"ast-content-background-meta":{"desktop":{"background-color":"var(--ast-global-color-5)","background-image":"","background-repeat":"repeat","background-position":"center center","background-size":"auto","background-attachment":"scroll","background-type":"","background-media":"","overlay-type":"","overlay-color":"","overlay-opacity":"","overlay-gradient":""},"tablet":{"background-color":"var(--ast-global-color-5)","background-image":"","background-repeat":"repeat","background-position":"center center","background-size":"auto","background-attachment":"scroll","background-type":"","background-media":"","overlay-type":"","overlay-color":"","overlay-opacity":"","overlay-gradient":""},"mobile":{"background-color":"var(--ast-global-color-5)","background-image":"","background-repeat":"repeat","background-position":"center center","background-size":"auto","background-attachment":"scroll","background-type":"","background-media":"","overlay-type":"","overlay-color":"","overlay-opacity":"","overlay-gradient":""}},"footnotes":""},"class_list":["post-857","page","type-page","status-publish","hentry"],"uagb_featured_image_src":{"full":false,"thumbnail":false,"medium":false,"medium_large":false,"large":false,"1536x1536":false,"2048x2048":false},"uagb_author_info":{"display_name":"NordicAITools Team","author_link":"https:\/\/nordicaitools.com\/da\/author\/nordik881\/"},"uagb_comment_info":0,"uagb_excerpt":"NordicAITools er l\u00e6serunderst\u00f8ttet. Nogle links p\u00e5 denne side er affiliate-links. Hvis du klikker dig videre og foretager et k\u00f8b, kan vi tjene en kommission uden ekstra omkostninger for dig. Vi anbefaler kun v\u00e6rkt\u00f8jer, som vi virkelig har testet, og som vi mener er nyttige for nordiske brugere. Vores anmeldelser d\u00e6kker underst\u00f8ttelse af lokale sprog, priser&hellip;","_links":{"self":[{"href":"https:\/\/nordicaitools.com\/da\/wp-json\/wp\/v2\/pages\/857","targetHints":{"allow":["GET"]}}],"collection":[{"href":"https:\/\/nordicaitools.com\/da\/wp-json\/wp\/v2\/pages"}],"about":[{"href":"https:\/\/nordicaitools.com\/da\/wp-json\/wp\/v2\/types\/page"}],"author":[{"embeddable":true,"href":"https:\/\/nordicaitools.com\/da\/wp-json\/wp\/v2\/users\/1"}],"replies":[{"embeddable":true,"href":"https:\/\/nordicaitools.com\/da\/wp-json\/wp\/v2\/comments?post=857"}],"version-history":[{"count":2,"href":"https:\/\/nordicaitools.com\/da\/wp-json\/wp\/v2\/pages\/857\/revisions"}],"predecessor-version":[{"id":861,"href":"https:\/\/nordicaitools.com\/da\/wp-json\/wp\/v2\/pages\/857\/revisions\/861"}],"wp:attachment":[{"href":"https:\/\/nordicaitools.com\/da\/wp-json\/wp\/v2\/media?parent=857"}],"curies":[{"name":"wp","href":"https:\/\/api.w.org\/{rel}","templated":true}]}}